{"id":5879,"date":"2018-07-13T04:46:12","date_gmt":"2018-07-13T09:46:12","guid":{"rendered":"https:\/\/wpml.uat.sos-dev.org\/about-us\/"},"modified":"2019-04-29T17:37:52","modified_gmt":"2019-04-29T17:37:52","slug":"about-us","status":"publish","type":"page","link":"https:\/\/wpml.uat.sos-dev.org\/es\/about-us\/","title":{"rendered":"Nuestra organizaci\u00f3n"},"content":{"rendered":"<p>[et_pb_section bb_built=\u00bb1&#8243; _builder_version=\u00bb3.10&#8243; background_image=\u00bbhttps:\/\/wpml.uat.sos-dev.org\/wp-content\/uploads\/2018\/07\/about-us-section.jpg\u00bb parallax=\u00bbon\u00bb parallax_method=\u00bboff\u00bb custom_padding=\u00bb92px|||\u00bb next_background_color=\u00bb#f1d575&#8243;][et_pb_row _builder_version=\u00bb3.10&#8243; background_color=\u00bbrgba(255,255,255,0.95)\u00bb box_shadow_style=\u00bbpreset1&#8243;][et_pb_column type=\u00bb4_4&#8243;][et_pb_text _builder_version=\u00bb3.10&#8243; text_font_size_last_edited=\u00bboff|desktop\u00bb text_orientation=\u00bbcenter\u00bb]<\/p>\n<h1 class=\"font-size-8 sos-uj-page-title\">Nuestra organizaci\u00f3n<\/h1>\n<p>[\/et_pb_text][et_pb_text module_class=\u00bbsos-dropcap margin-bottom-6 margin-top-6&#8243; _builder_version=\u00bb3.19.2&#8243; max_width=\u00bb75%\u00bb max_width_last_edited=\u00bboff|desktop\u00bb module_alignment=\u00bbcenter\u00bb]<\/p>\n<p>La Ciencia de la Espiritualidad es una organizaci\u00f3n sin fines de lucro, con 2.800 centros a lo largo del mundo, dedicada a facilitar un foro para que las personas puedan aprender la meditaci\u00f3n, traer beneficios a su salud f\u00edsica, mental y emocional, el crecimiento espiritual, encontrar el prop\u00f3sito de la vida, descubrir los tesoros internos y disfrutar de las experiencias espirituales internas que conducen a la paz, la felicidad y la bienaventuranza despu\u00e9s de constatar su alma y su conexi\u00f3n con la Divinidad.<\/p>\n<p>Lo que hace que la Ciencia de la Espiritualidad sea especial, es que la gente puede aprender a meditar de un Maestro espiritual de renombre mundial\u2014o gu\u00eda\u2014y autor, <a href=\"https:\/\/wpml.uat.sos-dev.org\/es\/sant-rajinder-singh\/\">Sant Rajinder Singh Ji Maharaj<\/a>, quien ya ha dominado el viaje espiritual interno y quiere compartir la dicha, la alegr\u00eda y la felicidad que yacen en nuestro interior. El brinda ayuda y gu\u00eda en la meditaci\u00f3n para que uno pueda experimentar y probar por s\u00ed mismo los beneficios transformadores de la meditaci\u00f3n para el cuerpo, la mente y el alma.<\/p>\n<p>Es el autor de numerosos libros, art\u00edculos y blogs, comparte este m\u00e9todo pr\u00e1ctico de meditaci\u00f3n, incluyendo su libro, <i>Meditaci\u00f3n: medicina para el alma<\/i>. Sus programas han sido transmitidos por televisi\u00f3n y radio, as\u00ed como por internet.<\/p>\n<p>Su trabajo en el campo de la ciencia, la inform\u00e1tica y la comunicaci\u00f3n le ha dado la capacidad de tener un enfoque cient\u00edfico de la espiritualidad. Hace que la ciencia de la espiritualidad y la meditaci\u00f3n sea f\u00e1cil de entender y practicar por uno mismo. Organiza seminarios de meditaci\u00f3n, da conferencias p\u00fablicas y dirige conferencias internacionales, en las que presenta su poderosa y sencilla meditaci\u00f3n a millones de personas en todo el mundo. Su vida ha sido un hilo continuo de servicio a la humanidad para traer un mundo de paz y elevaci\u00f3n espiritual.<\/p>\n<p>[\/et_pb_text][\/et_pb_column][\/et_pb_row][\/et_pb_section][et_pb_section bb_built=\u00bb1&#8243; disabled_on=\u00bbon|off|off\u00bb _builder_version=\u00bb3.10&#8243; background_color=\u00bb#f1d575&#8243; custom_padding=\u00bb35px|0px|35px|0px|false|false\u00bb saved_tabs=\u00bball\u00bb background_image=\u00bbhttps:\/\/wpml.uat.sos-dev.org\/wp-content\/uploads\/2018\/07\/footer-08.jpg\u00bb prev_background_color=\u00bb#ffffff\u00bb global_module=\u00bb403&#8243;][et_pb_row global_parent=\u00bb403&#8243; make_equal=\u00bbon\u00bb module_class=\u00bbsos-expanded-footer\u00bb _builder_version=\u00bb3.9&#8243;][et_pb_column type=\u00bb1_4&#8243;][et_pb_text admin_label=\u00bbMeditation\u00bb global_parent=\u00bb403&#8243; _builder_version=\u00bb3.19.2&#8243; text_font=\u00bbNunito|600|||||||\u00bb text_text_color=\u00bb#968743&#8243; text_font_size=\u00bb13px\u00bb header_font=\u00bbNunito||||||||\u00bb header_5_font=\u00bbNunito|600|||||||\u00bb header_6_font=\u00bbNunito|600|||||||\u00bb]<\/p>\n<h3>MEDITATION<\/h3>\n<p><a title=\"Spiritual Growth\" href=\"https:\/\/wpml.uat.sos-dev.org\/es\/spiritual-growth\/\">Spiritual Growth<\/a><\/p>\n<p><a title=\"Benefits of a Spiritual Guide\" href=\"https:\/\/wpml.uat.sos-dev.org\/es\/sant-rajinder-singh\/\">Benefits of a Spiritual Guide<\/a><\/p>\n<p><a title=\"Health Benefits\" href=\"\/benefits-of-meditation\/\">Health Benefits<\/a><\/p>\n<p><a title=\"Healthy Living\" href=\"https:\/\/wpml.uat.sos-dev.org\/es\/vegetarian-diet-and-vegetarian-meals\/\">Healthy Living<\/a><\/p>\n<p>[\/et_pb_text][\/et_pb_column][et_pb_column type=\u00bb1_4&#8243;][et_pb_text admin_label=\u00bbAbout Us\u00bb global_parent=\u00bb403&#8243; _builder_version=\u00bb3.19.2&#8243; text_font=\u00bbNunito|600|||||||\u00bb text_text_color=\u00bb#968743&#8243; text_font_size=\u00bb17px\u00bb header_font=\u00bbNunito||||||||\u00bb header_5_font=\u00bbNunito|600|||||||\u00bb header_6_font=\u00bbNunito|600|||||||\u00bb custom_margin=\u00bb|||\u00bb]<\/p>\n<h3>ABOUT US<\/h3>\n<p><a title=\"Our Organization\" href=\"https:\/\/wpml.uat.sos-dev.org\/es\/about-us\/\">Our Organization<\/a><\/p>\n<p><a title=\"International Meditation Center\" href=\"https:\/\/wpml.uat.sos-dev.org\/es\/western-headquarters\/\">International Meditation Center<\/a><\/p>\n<p>[\/et_pb_text][\/et_pb_column][et_pb_column type=\u00bb1_4&#8243;][et_pb_text admin_label=\u00bbExplore\u00bb global_parent=\u00bb403&#8243; _builder_version=\u00bb3.19.2&#8243; text_font=\u00bbNunito|600|||||||\u00bb text_text_color=\u00bb#968743&#8243; text_font_size=\u00bb17px\u00bb header_font=\u00bbNunito||||||||\u00bb header_5_font=\u00bbNunito|600|||||||\u00bb header_6_font=\u00bbNunito|600|||||||\u00bb]<\/p>\n<h3>EXPLORE<\/h3>\n<p><a title=\"Articles\" href=\"\/articles\/\">Article<\/a><\/p>\n<p><a title=\"Videos\" href=\"\/videos\/\">Videos<\/a><\/p>\n<p>[\/et_pb_text][\/et_pb_column][et_pb_column type=\u00bb1_4&#8243;][et_pb_text admin_label=\u00bbMore\u00bb global_parent=\u00bb403&#8243; _builder_version=\u00bb3.19.2&#8243; text_font=\u00bbNunito|600|||||||\u00bb text_text_color=\u00bb#968743&#8243; text_font_size=\u00bb17px\u00bb header_font=\u00bbNunito||||||||\u00bb header_5_font=\u00bbNunito|600|||||||\u00bb header_6_font=\u00bbNunito|600|||||||\u00bb]<\/p>\n<h3>MORE<\/h3>\n<p><a title=\"Spiritual Guide\" href=\"https:\/\/wpml.uat.sos-dev.org\/es\/sant-rajinder-singh\/\">Spiritual Guide<\/a><\/p>\n<p><a title=\"Find Porgrams\" href=\"\/find-programs\/\">Find Programs<\/a><\/p>\n<p><a title=\"Connect\" href=\"\/contact-us\/\">Connect<\/a><\/p>\n<p><a title=\"Privacy Policy\" href=\"\/privacy-policy\/\">Privacy Policy<\/a><\/p>\n<p>[\/et_pb_text][\/et_pb_column][\/et_pb_row][\/et_pb_section]<\/p>\n","protected":false},"excerpt":{"rendered":"<p>Nuestra organizaci\u00f3n La Ciencia de la Espiritualidad es una organizaci\u00f3n sin fines de lucro, con 2.800 centros a lo largo del mundo, dedicada a facilitar un foro para que las personas puedan aprender la meditaci\u00f3n, traer beneficios a su salud f\u00edsica, mental y emocional, el crecimiento espiritual, encontrar el prop\u00f3sito de la vida, descubrir los [&hellip;]<\/p>\n","protected":false},"author":1,"featured_media":0,"parent":0,"menu_order":0,"comment_status":"closed","ping_status":"closed","template":"","meta":{"_et_pb_use_builder":"on","_et_pb_old_content":"","_et_gb_content_width":""},"acf":[],"yoast_head":"<!-- This site is optimized with the Yoast SEO plugin v19.0 - https:\/\/yoast.com\/wordpress\/plugins\/seo\/ -->\n<title>Science of Spirituality|Sant Rajinder Singh Ji Maharaj|Learn meditation|Benefits of meditation<\/title>\n<meta name=\"description\" content=\"Science of Spirituality is a non profit organization led by sant rajinder singh ji dedicated to helping people, learn meditation for physical,emotional,mental and spiritual benefits.Headquartered in Chicago with more than 2000 centers worldwide.\" \/>\n<meta name=\"robots\" content=\"index, follow, max-snippet:-1, max-image-preview:large, max-video-preview:-1\" \/>\n<link rel=\"canonical\" href=\"https:\/\/wpml.uat.sos-dev.org\/es\/about-us\/\" \/>\n<meta property=\"og:locale\" content=\"es_ES\" \/>\n<meta property=\"og:type\" content=\"article\" \/>\n<meta property=\"og:title\" content=\"Science of Spirituality|Sant Rajinder Singh Ji Maharaj|Learn meditation|Benefits of meditation\" \/>\n<meta property=\"og:description\" content=\"Science of Spirituality is a non profit organization led by sant rajinder singh ji dedicated to helping people, learn meditation for physical,emotional,mental and spiritual benefits.Headquartered in Chicago with more than 2000 centers worldwide.\" \/>\n<meta property=\"og:url\" content=\"https:\/\/wpml.uat.sos-dev.org\/es\/about-us\/\" \/>\n<meta property=\"og:site_name\" content=\"Science of Spirituality\" \/>\n<meta property=\"article:publisher\" content=\"https:\/\/www.facebook.com\/SOS.Global\/\" \/>\n<meta property=\"article:modified_time\" content=\"2019-04-29T17:37:52+00:00\" \/>\n<meta name=\"twitter:card\" content=\"summary_large_image\" \/>\n<meta name=\"twitter:site\" content=\"@sosmeditate\" \/>\n<meta name=\"twitter:label1\" content=\"Tiempo de lectura\" \/>\n\t<meta name=\"twitter:data1\" content=\"3 minutos\" \/>\n<script type=\"application\/ld+json\" class=\"yoast-schema-graph\">{\"@context\":\"https:\/\/schema.org\",\"@graph\":[{\"@type\":\"Organization\",\"@id\":\"https:\/\/wpml.uat.sos-dev.org\/#organization\",\"name\":\"Science of Sprituality\",\"url\":\"https:\/\/wpml.uat.sos-dev.org\/\",\"sameAs\":[\"https:\/\/www.instagram.com\/science.of.spirituality\/\",\"https:\/\/www.youtube.com\/c\/SantRajinderSinghJiMaharaj\",\"https:\/\/en.wikipedia.org\/wiki\/Science_of_Spirituality\",\"https:\/\/www.facebook.com\/SOS.Global\/\",\"https:\/\/twitter.com\/sosmeditate\"],\"logo\":{\"@type\":\"ImageObject\",\"inLanguage\":\"es\",\"@id\":\"https:\/\/wpml.uat.sos-dev.org\/#\/schema\/logo\/image\/\",\"url\":\"https:\/\/wpml.uat.sos-dev.org\/wp-content\/uploads\/2020\/01\/sos_logo.png\",\"contentUrl\":\"https:\/\/wpml.uat.sos-dev.org\/wp-content\/uploads\/2020\/01\/sos_logo.png\",\"width\":153,\"height\":109,\"caption\":\"Science of Sprituality\"},\"image\":{\"@id\":\"https:\/\/wpml.uat.sos-dev.org\/#\/schema\/logo\/image\/\"}},{\"@type\":\"WebSite\",\"@id\":\"https:\/\/wpml.uat.sos-dev.org\/#website\",\"url\":\"https:\/\/wpml.uat.sos-dev.org\/\",\"name\":\"Science of Spirituality\",\"description\":\"SOS\",\"publisher\":{\"@id\":\"https:\/\/wpml.uat.sos-dev.org\/#organization\"},\"potentialAction\":[{\"@type\":\"SearchAction\",\"target\":{\"@type\":\"EntryPoint\",\"urlTemplate\":\"https:\/\/wpml.uat.sos-dev.org\/?s={search_term_string}\"},\"query-input\":\"required name=search_term_string\"}],\"inLanguage\":\"es\"},{\"@type\":\"WebPage\",\"@id\":\"https:\/\/wpml.uat.sos-dev.org\/es\/about-us\/#webpage\",\"url\":\"https:\/\/wpml.uat.sos-dev.org\/es\/about-us\/\",\"name\":\"Science of Spirituality|Sant Rajinder Singh Ji Maharaj|Learn meditation|Benefits of meditation\",\"isPartOf\":{\"@id\":\"https:\/\/wpml.uat.sos-dev.org\/#website\"},\"datePublished\":\"2018-07-13T09:46:12+00:00\",\"dateModified\":\"2019-04-29T17:37:52+00:00\",\"description\":\"Science of Spirituality is a non profit organization led by sant rajinder singh ji dedicated to helping people, learn meditation for physical,emotional,mental and spiritual benefits.Headquartered in Chicago with more than 2000 centers worldwide.\",\"breadcrumb\":{\"@id\":\"https:\/\/wpml.uat.sos-dev.org\/es\/about-us\/#breadcrumb\"},\"inLanguage\":\"es\",\"potentialAction\":[{\"@type\":\"ReadAction\",\"target\":[\"https:\/\/wpml.uat.sos-dev.org\/es\/about-us\/\"]}]},{\"@type\":\"BreadcrumbList\",\"@id\":\"https:\/\/wpml.uat.sos-dev.org\/es\/about-us\/#breadcrumb\",\"itemListElement\":[{\"@type\":\"ListItem\",\"position\":1,\"name\":\"Home\",\"item\":\"https:\/\/wpml.uat.sos-dev.org\/es\/\"},{\"@type\":\"ListItem\",\"position\":2,\"name\":\"Nuestra organizaci\u00f3n\"}]}]}<\/script>\n<!-- \/ Yoast SEO plugin. -->","yoast_head_json":{"title":"Science of Spirituality|Sant Rajinder Singh Ji Maharaj|Learn meditation|Benefits of meditation","description":"Science of Spirituality is a non profit organization led by sant rajinder singh ji dedicated to helping people, learn meditation for physical,emotional,mental and spiritual benefits.Headquartered in Chicago with more than 2000 centers worldwide.","robots":{"index":"index","follow":"follow","max-snippet":"max-snippet:-1","max-image-preview":"max-image-preview:large","max-video-preview":"max-video-preview:-1"},"canonical":"https:\/\/wpml.uat.sos-dev.org\/es\/about-us\/","og_locale":"es_ES","og_type":"article","og_title":"Science of Spirituality|Sant Rajinder Singh Ji Maharaj|Learn meditation|Benefits of meditation","og_description":"Science of Spirituality is a non profit organization led by sant rajinder singh ji dedicated to helping people, learn meditation for physical,emotional,mental and spiritual benefits.Headquartered in Chicago with more than 2000 centers worldwide.","og_url":"https:\/\/wpml.uat.sos-dev.org\/es\/about-us\/","og_site_name":"Science of Spirituality","article_publisher":"https:\/\/www.facebook.com\/SOS.Global\/","article_modified_time":"2019-04-29T17:37:52+00:00","twitter_card":"summary_large_image","twitter_site":"@sosmeditate","twitter_misc":{"Tiempo de lectura":"3 minutos"},"schema":{"@context":"https:\/\/schema.org","@graph":[{"@type":"Organization","@id":"https:\/\/wpml.uat.sos-dev.org\/#organization","name":"Science of Sprituality","url":"https:\/\/wpml.uat.sos-dev.org\/","sameAs":["https:\/\/www.instagram.com\/science.of.spirituality\/","https:\/\/www.youtube.com\/c\/SantRajinderSinghJiMaharaj","https:\/\/en.wikipedia.org\/wiki\/Science_of_Spirituality","https:\/\/www.facebook.com\/SOS.Global\/","https:\/\/twitter.com\/sosmeditate"],"logo":{"@type":"ImageObject","inLanguage":"es","@id":"https:\/\/wpml.uat.sos-dev.org\/#\/schema\/logo\/image\/","url":"https:\/\/wpml.uat.sos-dev.org\/wp-content\/uploads\/2020\/01\/sos_logo.png","contentUrl":"https:\/\/wpml.uat.sos-dev.org\/wp-content\/uploads\/2020\/01\/sos_logo.png","width":153,"height":109,"caption":"Science of Sprituality"},"image":{"@id":"https:\/\/wpml.uat.sos-dev.org\/#\/schema\/logo\/image\/"}},{"@type":"WebSite","@id":"https:\/\/wpml.uat.sos-dev.org\/#website","url":"https:\/\/wpml.uat.sos-dev.org\/","name":"Science of Spirituality","description":"SOS","publisher":{"@id":"https:\/\/wpml.uat.sos-dev.org\/#organization"},"potentialAction":[{"@type":"SearchAction","target":{"@type":"EntryPoint","urlTemplate":"https:\/\/wpml.uat.sos-dev.org\/?s={search_term_string}"},"query-input":"required name=search_term_string"}],"inLanguage":"es"},{"@type":"WebPage","@id":"https:\/\/wpml.uat.sos-dev.org\/es\/about-us\/#webpage","url":"https:\/\/wpml.uat.sos-dev.org\/es\/about-us\/","name":"Science of Spirituality|Sant Rajinder Singh Ji Maharaj|Learn meditation|Benefits of meditation","isPartOf":{"@id":"https:\/\/wpml.uat.sos-dev.org\/#website"},"datePublished":"2018-07-13T09:46:12+00:00","dateModified":"2019-04-29T17:37:52+00:00","description":"Science of Spirituality is a non profit organization led by sant rajinder singh ji dedicated to helping people, learn meditation for physical,emotional,mental and spiritual benefits.Headquartered in Chicago with more than 2000 centers worldwide.","breadcrumb":{"@id":"https:\/\/wpml.uat.sos-dev.org\/es\/about-us\/#breadcrumb"},"inLanguage":"es","potentialAction":[{"@type":"ReadAction","target":["https:\/\/wpml.uat.sos-dev.org\/es\/about-us\/"]}]},{"@type":"BreadcrumbList","@id":"https:\/\/wpml.uat.sos-dev.org\/es\/about-us\/#breadcrumb","itemListElement":[{"@type":"ListItem","position":1,"name":"Home","item":"https:\/\/wpml.uat.sos-dev.org\/es\/"},{"@type":"ListItem","position":2,"name":"Nuestra organizaci\u00f3n"}]}]}},"_links":{"self":[{"href":"https:\/\/wpml.uat.sos-dev.org\/es\/wp-json\/wp\/v2\/pages\/5879"}],"collection":[{"href":"https:\/\/wpml.uat.sos-dev.org\/es\/wp-json\/wp\/v2\/pages"}],"about":[{"href":"https:\/\/wpml.uat.sos-dev.org\/es\/wp-json\/wp\/v2\/types\/page"}],"author":[{"embeddable":true,"href":"https:\/\/wpml.uat.sos-dev.org\/es\/wp-json\/wp\/v2\/users\/1"}],"replies":[{"embeddable":true,"href":"https:\/\/wpml.uat.sos-dev.org\/es\/wp-json\/wp\/v2\/comments?post=5879"}],"version-history":[{"count":8,"href":"https:\/\/wpml.uat.sos-dev.org\/es\/wp-json\/wp\/v2\/pages\/5879\/revisions"}],"predecessor-version":[{"id":7613,"href":"https:\/\/wpml.uat.sos-dev.org\/es\/wp-json\/wp\/v2\/pages\/5879\/revisions\/7613"}],"wp:attachment":[{"href":"https:\/\/wpml.uat.sos-dev.org\/es\/wp-json\/wp\/v2\/media?parent=5879"}],"curies":[{"name":"wp","href":"https:\/\/api.w.org\/{rel}","templated":true}]}}