{"id":5850,"date":"2018-08-04T07:15:53","date_gmt":"2018-08-04T12:15:53","guid":{"rendered":"https:\/\/wpml.uat.sos-dev.org\/spiritual-growth\/"},"modified":"2021-05-29T08:33:35","modified_gmt":"2021-05-29T13:33:35","slug":"spiritual-growth","status":"publish","type":"page","link":"https:\/\/wpml.uat.sos-dev.org\/es\/spiritual-growth\/","title":{"rendered":"Spiritual Growth"},"content":{"rendered":"<p>[et_pb_section fb_built=\u00bb1&#8243; custom_padding_last_edited=\u00bbon|desktop\u00bb module_class=\u00bbsos-fixed-video-bg\u00bb _builder_version=\u00bb3.22.3&#8243; background_image=\u00bbhttps:\/\/wpml.uat.sos-dev.org\/wp-content\/uploads\/2018\/07\/SpiritualBenefitsSectionBG-Adjust-1.jpg\u00bb parallax=\u00bbon\u00bb parallax_method=\u00bboff\u00bb background_video_width=\u00bb980&#8243; background_video_height=\u00bb460&#8243; custom_padding=\u00bb92px|0px|54px|0px\u00bb custom_padding_tablet=\u00bb\u00bb custom_padding_phone=\u00bb\u00bb][et_pb_row _builder_version=\u00bb3.25&#8243; background_color=\u00bbrgba(255,255,255,0.95)\u00bb custom_padding=\u00bb56px|15px|27px|15px|false|false\u00bb box_shadow_style=\u00bbpreset1&#8243;][et_pb_column type=\u00bb4_4&#8243; _builder_version=\u00bb3.25&#8243; custom_padding=\u00bb|||\u00bb custom_padding__hover=\u00bb|||\u00bb][et_pb_text admin_label=\u00bbtitle\u00bb _builder_version=\u00bb3.27.4&#8243; text_orientation=\u00bbcenter\u00bb text_font_size_last_edited=\u00bboff|desktop\u00bb]<\/p>\n<h1 class=\"font-size-8 sos-uj-page-title\">Meditaci\u00f3n para el crecimiento espiritual<\/h1>\n<p>[\/et_pb_text][et_pb_text module_class=\u00bbsos-dropcap margin-bottom-6 margin-top-6&#8243; _builder_version=\u00bb3.27.4&#8243; max_width=\u00bb75%\u00bb max_width_tablet=\u00bb\u00bb max_width_phone=\u00bb\u00bb max_width_last_edited=\u00bbon|desktop\u00bb module_alignment=\u00bbcenter\u00bb]<\/p>\n<p>A trav\u00e9s de la meditaci\u00f3n, pueden crecer espiritualmente al tiempo que encuentran paz y tranquilidad interior. Algunos de los beneficios espirituales de la meditaci\u00f3n se destacan a continuaci\u00f3n.<\/p>\n<p>[\/et_pb_text][et_pb_code admin_label=\u00bbVideo Code\u00bb _builder_version=\u00bb3.29.3&#8243; text_orientation=\u00bbcenter\u00bb max_width=\u00bb75%\u00bb max_width_tablet=\u00bb\u00bb max_width_phone=\u00bb\u00bb max_width_last_edited=\u00bbon|tablet\u00bb module_alignment=\u00bbcenter\u00bb]<iframe loading=\"lazy\" src=\"https:\/\/player.vimeo.com\/video\/368976167\" width=\"640\" height=\"480\" frameborder=\"0\" allow=\"autoplay; fullscreen\" allowfullscreen><\/iframe>[\/et_pb_code][et_pb_text module_class=\u00bbmargin-bottom-6 blog-subsection \u00bb _builder_version=\u00bb3.29.3&#8243; max_width=\u00bb75%\u00bb max_width_tablet=\u00bb\u00bb max_width_phone=\u00bb\u00bb max_width_last_edited=\u00bbon|desktop\u00bb module_alignment=\u00bbcenter\u00bb locked=\u00bboff\u00bb]<\/p>\n<h2 class=\"font-thin-4 margin-bottom-3\">Descubrir el prop\u00f3sito y encontrar realizaci\u00f3n en tu vida<\/h2>\n<p>Con el estr\u00e9s y el r\u00e1pido ritmo de la vida en esta era tecnol\u00f3gica, muchas personas se preguntan sobre el prop\u00f3sito de su vida. Se detuvo alguna vez a considerar preguntas tales como: \u00bfqui\u00e9n soy? \u00bfPor qu\u00e9 estoy aqu\u00ed? \u00bfCu\u00e1l es el prop\u00f3sito de mi vida y qu\u00e9 puede darme satisfacci\u00f3n?<\/p>\n<p>Una forma en que la gente reflexiona sobre estas preguntas es sent\u00e1ndose en silencio en meditaci\u00f3n. Pasar alg\u00fan tiempo en meditaci\u00f3n nos abre las puertas para ayudarnos a encontrar las respuestas.<\/p>\n<h2 class=\" font-thin-4=\">Ganar sabidur\u00eda al profundizar su discernimiento<\/h2>\n<p>La tecnolog\u00eda con s\u00f3lo unos cuantos clics en un teclado nos ha permitido acceder a una gran cantidad de informaci\u00f3n en todos los campos del conocimiento. Pero con todo este conocimiento \u00bfquedan preguntas aun sin respuestas?<\/p>\n<p>Hay una fuente de sabidur\u00eda dentro de ti a la que no se puede acceder mediante una b\u00fasqueda en el Internet. Aguarda por ti en lo m\u00e1s profundo de tu ser. En lugar de entrar a la computadora, puedes conectarte con tu propia esencia interior o alma por medio de la meditaci\u00f3n. Esto te llevar\u00e1 a una fuente de sabidur\u00eda que enriquecer\u00e1 tu vida.<\/p>\n<h2 class=\"font-thin-4 margin-bottom-3\">Despertar espiritual<\/h2>\n<p>\u00bfQu\u00e9 es el despertar espiritual? Tal vez se pregunten acerca de su esp\u00edritu o alma, si son algo m\u00e1s que solo un cuerpo y una mente. El despertar espiritual es el momento en que empiezan a hacerse estas preguntas. Se\u00f1ala el comienzo de su b\u00fasqueda para encontrar respuestas.<\/p>\n<p>Si no encuentran satisfactorio lo que est\u00e1 disponible a trav\u00e9s de las fuentes externas, ya sean los libros o el Internet, tal vez deseen aprender una manera de explorar m\u00e1s a fondo, buscar internamente donde aguarda toda la sabidur\u00eda. Aprender a meditar es una t\u00e9cnica que puede ayudarles a encontrar lo que buscan.<\/p>\n<h2 class=\" font-thin-4=\">Experimentar la paz interior y exterior al conectar su alegr\u00eda interior<\/h2>\n<p>Cuando buscan respuestas y no consiguen encontrarlas, pueden sentirse inquietos o frustrados. Puede que est\u00e9n buscando respuestas a su prop\u00f3sito en la vida, qui\u00e9nes son y por qu\u00e9 est\u00e1n aqu\u00ed. A menudo esta inquietud es el comienzo del despertar espiritual.<\/p>\n<p>Las respuestas ya est\u00e1n dentro de ti, esperando a ser reveladas a trav\u00e9s de la pr\u00e1ctica de la meditaci\u00f3n. Descubran c\u00f3mo entrar en su santuario personal de alegr\u00eda y felicidad a trav\u00e9s de la meditaci\u00f3n, que los llevar\u00e1 a la paz interior y exterior y a la alegr\u00eda duradera.<\/p>\n<p><span class=\"sos-gold-text\">Regresa a esta p\u00e1gina de crecimiento espiritual para nuevos art\u00edculos y videos que te ayudar\u00e1n a descubrir el prop\u00f3sito en la vida y despertar espiritualmente a trav\u00e9s de la meditaci\u00f3n.<br \/>\n<\/span>[\/et_pb_text][et_pb_code disabled_on=\u00bbon|on|on\u00bb _builder_version=\u00bb3.29.3&#8243; disabled=\u00bbon\u00bb]<script type=\"text\/javascript\" src=\"\/\/app.icontact.com\/icp\/core\/mycontacts\/signup\/designer\/form\/automatic?id=575&#038;cid=1694517&#038;lid=4663\"><\/script> [\/et_pb_code][et_pb_cta button_url=\u00bbhttps:\/\/wpml.uat.sos-dev.org\/es\/connect-form\/\u00bb button_text=\u00bbReg\u00edstrate\u00bb module_class=\u00bbsos-contact-us-cta \u00bb _builder_version=\u00bb3.29.3&#8243; background_enable_color=\u00bboff\u00bb background_layout=\u00bblight\u00bb max_width=\u00bb75%\u00bb max_width_tablet=\u00bb\u00bb max_width_phone=\u00bb\u00bb max_width_last_edited=\u00bbon|desktop\u00bb module_alignment=\u00bbcenter\u00bb border_radii=\u00bbon|15px|15px|15px|15px\u00bb border_width_all=\u00bb1px\u00bb border_color_all=\u00bb#d3d3d3&#8243; box_shadow_style=\u00bbpreset1&#8243;]<\/p>\n<p>Reg\u00edstrese en nuestra lista de correo y contin\u00fae descubriendo los beneficios f\u00edsicos, mentales y emocionales de la meditaci\u00f3n<\/p>\n<p>[\/et_pb_cta][\/et_pb_column][\/et_pb_row][\/et_pb_section][et_pb_section fb_built=\u00bb1&#8243; admin_label=\u00bbLearn More &#8211; Spiritual Growth articles &#038; videos\u00bb module_id=\u00bbsos-learn-more-footer\u00bb module_class=\u00bbsos-marble-bg sos-highlight-section\u00bb _builder_version=\u00bb4.9.0&#8243; _module_preset=\u00bbdefault\u00bb box_shadow_style=\u00bbpreset1&#8243; global_module=\u00bb41365&#8243;][et_pb_row make_equal=\u00bbon\u00bb module_class=\u00bbet_pb_row_fullwidth\u00bb _builder_version=\u00bb4.6.0&#8243; _module_preset=\u00bbdefault\u00bb width=\u00bb89%\u00bb width_tablet=\u00bb80%\u00bb width_phone=\u00bb\u00bb width_last_edited=\u00bbon|tablet\u00bb max_width=\u00bb89%\u00bb max_width_tablet=\u00bb80%\u00bb max_width_phone=\u00bb\u00bb max_width_last_edited=\u00bbon|tablet\u00bb custom_padding=\u00bb||27px||false|false\u00bb][et_pb_column type=\u00bb4_4&#8243; _builder_version=\u00bb4.5.7&#8243; _module_preset=\u00bbdefault\u00bb][et_pb_text admin_label=\u00bbwant to learn more?\u00bb _builder_version=\u00bb4.9.0&#8243; _module_preset=\u00bbdefault\u00bb]<\/p>\n<h2 style=\"text-align: center;\">Want to learn more?<\/h2>\n<p>[\/et_pb_text][et_pb_blog fullwidth=\u00bboff\u00bb posts_number=\u00bb3&#8243; include_categories=\u00bb30&#8243; show_more=\u00bbon\u00bb show_author=\u00bboff\u00bb show_date=\u00bboff\u00bb show_categories=\u00bboff\u00bb show_pagination=\u00bboff\u00bb use_overlay=\u00bbon\u00bb overlay_icon_color=\u00bb#ffffff\u00bb hover_overlay_color=\u00bbrgba(150,135,67,0.76)\u00bb hover_icon=\u00bb%%28%%\u00bb admin_label=\u00bbspiritual growth blog\u00bb module_class=\u00bbsos-article-grid\u00bb _builder_version=\u00bb4.6.0&#8243; _module_preset=\u00bbdefault\u00bb][\/et_pb_blog][\/et_pb_column][\/et_pb_row][et_pb_row make_equal=\u00bbon\u00bb module_class=\u00bbet_pb_row_fullwidth\u00bb _builder_version=\u00bb4.6.0&#8243; _module_preset=\u00bbdefault\u00bb width=\u00bb89%\u00bb width_tablet=\u00bb80%\u00bb width_phone=\u00bb\u00bb width_last_edited=\u00bbon|desktop\u00bb max_width=\u00bb89%\u00bb max_width_tablet=\u00bb80%\u00bb max_width_phone=\u00bb\u00bb max_width_last_edited=\u00bbon|tablet\u00bb custom_padding=\u00bb||27px||false|false\u00bb][et_pb_column type=\u00bb4_4&#8243; _builder_version=\u00bb4.5.7&#8243; _module_preset=\u00bbdefault\u00bb][et_pb_text admin_label=\u00bbFeatured Videos title\u00bb _builder_version=\u00bb4.9.0&#8243; _module_preset=\u00bbdefault\u00bb hover_enabled=\u00bb0&#8243; sticky_enabled=\u00bb0&#8243;]<\/p>\n<h2>Featured Videos<\/h2>\n<p>[\/et_pb_text][et_pb_sos_video_blog fullwidth=\u00bboff\u00bb posts_number=\u00bb3&#8243; include_categories=\u00bb35&#8243; show_categories=\u00bboff\u00bb show_excerpt=\u00bboff\u00bb show_image=\u00bboff\u00bb show_long_description=\u00bbon\u00bb show_pagination=\u00bboff\u00bb masonry_tile_background_color=\u00bbrgba(0,0,0,0)\u00bb _builder_version=\u00bb4.6.5&#8243; _module_preset=\u00bbdefault\u00bb][\/et_pb_sos_video_blog][\/et_pb_column][\/et_pb_row][\/et_pb_section][et_pb_section fb_built=\u00bb1&#8243; disabled_on=\u00bbon|off|off\u00bb _builder_version=\u00bb4.7.7&#8243; background_color=\u00bb#e1b93b\u00bb background_image=\u00bbhttps:\/\/wpml.uat.sos-dev.org\/wp-content\/uploads\/2018\/07\/footer-08.jpg\u00bb background_enable_image=\u00bboff\u00bb width=\u00bb100%\u00bb custom_padding=\u00bb35px|0px|35px|0px|false|false\u00bb global_module=\u00bb403&#8243; saved_tabs=\u00bball\u00bb collapsed=\u00bboff\u00bb][et_pb_row column_structure=\u00bb1_4,1_4,1_4,1_4&#8243; make_equal=\u00bbon\u00bb module_class=\u00bbsos-expanded-footer\u00bb _builder_version=\u00bb3.25&#8243;][et_pb_column type=\u00bb1_4&#8243; _builder_version=\u00bb3.25&#8243; custom_padding=\u00bb|||\u00bb custom_padding__hover=\u00bb|||\u00bb][et_pb_text admin_label=\u00bbMeditation\u00bb _builder_version=\u00bb4.7.4&#8243; text_font=\u00bbNunito|600|||||||\u00bb text_text_color=\u00bb#968743&#8243; text_font_size=\u00bb13px\u00bb header_font=\u00bbNunito||||||||\u00bb header_5_font=\u00bbNunito|600|||||||\u00bb header_6_font=\u00bbNunito|600|||||||\u00bb]<\/p>\n<h3>Meditation<\/h3>\n<p><a title=\"Spiritual Growth\" href=\"https:\/\/wpml.uat.sos-dev.org\/spiritual-growth\/\">Spiritual Growth<\/a><\/p>\n<p><a title=\"Benefits of a Spiritual Guide\" href=\"https:\/\/wpml.uat.sos-dev.org\/sant-rajinder-singh\/\">Benefits of a Spiritual Guide<\/a><\/p>\n<p><a title=\"Health Benefits\" href=\"https:\/\/wpml.uat.sos-dev.org\/benefits-of-meditation-2\/\">Health Benefits<\/a><\/p>\n<p><a title=\"Healthy Living\" href=\"https:\/\/wpml.uat.sos-dev.org\/vegetarian-diet-and-vegetarian-meals\/\">Healthy Living<\/a> [\/et_pb_text][\/et_pb_column][et_pb_column type=\u00bb1_4&#8243; _builder_version=\u00bb3.25&#8243; custom_padding=\u00bb|||\u00bb custom_padding__hover=\u00bb|||\u00bb][et_pb_text admin_label=\u00bbAbout Us\u00bb _builder_version=\u00bb4.7.4&#8243; text_font=\u00bbNunito|600|||||||\u00bb text_text_color=\u00bb#968743&#8243; text_font_size=\u00bb17px\u00bb header_font=\u00bbNunito||||||||\u00bb header_5_font=\u00bbNunito|600|||||||\u00bb header_6_font=\u00bbNunito|600|||||||\u00bb custom_margin=\u00bb|||\u00bb]<\/p>\n<h3>About Us<\/h3>\n<p><a title=\"Our Organization\" href=\"https:\/\/wpml.uat.sos-dev.org\/about-us\/\">Our Organization<\/a><\/p>\n<p><a title=\"International Meditation Center\" href=\"https:\/\/wpml.uat.sos-dev.org\/western-headquarters\/\">International Meditation Center<\/a>[\/et_pb_text][\/et_pb_column][et_pb_column type=\u00bb1_4&#8243; _builder_version=\u00bb3.25&#8243; custom_padding=\u00bb|||\u00bb custom_padding__hover=\u00bb|||\u00bb][et_pb_text admin_label=\u00bbExplore\u00bb _builder_version=\u00bb4.7.4&#8243; text_font=\u00bbNunito|600|||||||\u00bb text_text_color=\u00bb#968743&#8243; text_font_size=\u00bb17px\u00bb header_font=\u00bbNunito||||||||\u00bb header_5_font=\u00bbNunito|600|||||||\u00bb header_6_font=\u00bbNunito|600|||||||\u00bb]<\/p>\n<h3>Explore<\/h3>\n<p><a title=\"Articles\" href=\"https:\/\/wpml.uat.sos-dev.org\/articles\/\">Articles<\/a><\/p>\n<p><a title=\"Videos\" href=\"https:\/\/wpml.uat.sos-dev.org\/videos\/\">Videos<\/a>[\/et_pb_text][\/et_pb_column][et_pb_column type=\u00bb1_4&#8243; _builder_version=\u00bb3.25&#8243; custom_padding=\u00bb|||\u00bb custom_padding__hover=\u00bb|||\u00bb][et_pb_text admin_label=\u00bbMore\u00bb _builder_version=\u00bb4.7.4&#8243; text_font=\u00bbNunito|600|||||||\u00bb text_text_color=\u00bb#968743&#8243; text_font_size=\u00bb17px\u00bb header_font=\u00bbNunito||||||||\u00bb header_5_font=\u00bbNunito|600|||||||\u00bb header_6_font=\u00bbNunito|600|||||||\u00bb]<\/p>\n<h3>More<\/h3>\n<p><a title=\"Spiritual Guide\" href=\"https:\/\/wpml.uat.sos-dev.org\/sant-rajinder-singh\/\">Spiritual Guide<\/a><\/p>\n<p><a title=\"Find Programs\" href=\"\/find-programs\/\">Find Programs<\/a><\/p>\n<p><a title=\"Connect\" href=\"\/contact-us\/\">Connect<\/a><\/p>\n<p><a title=\"Privacy Policy\" href=\"\/privacy-policy\/\">Privacy Policy<\/a>[\/et_pb_text][\/et_pb_column][\/et_pb_row][\/et_pb_section]<\/p>\n","protected":false},"excerpt":{"rendered":"<p>Meditaci\u00f3n para el crecimiento espiritual A trav\u00e9s de la meditaci\u00f3n, pueden crecer espiritualmente al tiempo que encuentran paz y tranquilidad interior. Algunos de los beneficios espirituales de la meditaci\u00f3n se destacan a continuaci\u00f3n. Descubrir el prop\u00f3sito y encontrar realizaci\u00f3n en tu vida Con el estr\u00e9s y el r\u00e1pido ritmo de la vida en esta era [&hellip;]<\/p>\n","protected":false},"author":1,"featured_media":0,"parent":0,"menu_order":0,"comment_status":"closed","ping_status":"closed","template":"","meta":{"_et_pb_use_builder":"on","_et_pb_old_content":"","_et_gb_content_width":""},"acf":[],"yoast_head":"<!-- This site is optimized with the Yoast SEO plugin v19.0 - https:\/\/yoast.com\/wordpress\/plugins\/seo\/ -->\n<title>Despertar espiritual con la meditaci\u00f3n<\/title>\n<meta name=\"description\" content=\"La meditaci\u00f3n ense\u00f1ada por Sant Rajinder Singh Ji Maharaj a trav\u00e9s de Ciencia de la Espiritualidad puede ayudarte a despertar espiritualmente, darle prop\u00f3sito y realizaci\u00f3n a tu vida, mostrarte c\u00f3mo tener experiencias espirituales internas y alcanzar la paz interior y exterior.\" \/>\n<meta name=\"robots\" content=\"index, follow, max-snippet:-1, max-image-preview:large, max-video-preview:-1\" \/>\n<link rel=\"canonical\" href=\"https:\/\/wpml.uat.sos-dev.org\/es\/spiritual-growth\/\" \/>\n<meta property=\"og:locale\" content=\"es_ES\" \/>\n<meta property=\"og:type\" content=\"article\" \/>\n<meta property=\"og:title\" content=\"Despertar espiritual con la meditaci\u00f3n\" \/>\n<meta property=\"og:description\" content=\"La meditaci\u00f3n ense\u00f1ada por Sant Rajinder Singh Ji Maharaj a trav\u00e9s de Ciencia de la Espiritualidad puede ayudarte a despertar espiritualmente, darle prop\u00f3sito y realizaci\u00f3n a tu vida, mostrarte c\u00f3mo tener experiencias espirituales internas y alcanzar la paz interior y exterior.\" \/>\n<meta property=\"og:url\" content=\"https:\/\/wpml.uat.sos-dev.org\/es\/spiritual-growth\/\" \/>\n<meta property=\"og:site_name\" content=\"Science of Spirituality\" \/>\n<meta property=\"article:publisher\" content=\"https:\/\/www.facebook.com\/SOS.Global\/\" \/>\n<meta property=\"article:modified_time\" content=\"2021-05-29T13:33:35+00:00\" \/>\n<meta name=\"twitter:card\" content=\"summary_large_image\" \/>\n<meta name=\"twitter:site\" content=\"@sosmeditate\" \/>\n<meta name=\"twitter:label1\" content=\"Tiempo de lectura\" \/>\n\t<meta name=\"twitter:data1\" content=\"7 minutos\" \/>\n<script type=\"application\/ld+json\" class=\"yoast-schema-graph\">{\"@context\":\"https:\/\/schema.org\",\"@graph\":[{\"@type\":\"Organization\",\"@id\":\"https:\/\/wpml.uat.sos-dev.org\/#organization\",\"name\":\"Science of Sprituality\",\"url\":\"https:\/\/wpml.uat.sos-dev.org\/\",\"sameAs\":[\"https:\/\/www.instagram.com\/science.of.spirituality\/\",\"https:\/\/www.youtube.com\/c\/SantRajinderSinghJiMaharaj\",\"https:\/\/en.wikipedia.org\/wiki\/Science_of_Spirituality\",\"https:\/\/www.facebook.com\/SOS.Global\/\",\"https:\/\/twitter.com\/sosmeditate\"],\"logo\":{\"@type\":\"ImageObject\",\"inLanguage\":\"es\",\"@id\":\"https:\/\/wpml.uat.sos-dev.org\/#\/schema\/logo\/image\/\",\"url\":\"https:\/\/wpml.uat.sos-dev.org\/wp-content\/uploads\/2020\/01\/sos_logo.png\",\"contentUrl\":\"https:\/\/wpml.uat.sos-dev.org\/wp-content\/uploads\/2020\/01\/sos_logo.png\",\"width\":153,\"height\":109,\"caption\":\"Science of Sprituality\"},\"image\":{\"@id\":\"https:\/\/wpml.uat.sos-dev.org\/#\/schema\/logo\/image\/\"}},{\"@type\":\"WebSite\",\"@id\":\"https:\/\/wpml.uat.sos-dev.org\/#website\",\"url\":\"https:\/\/wpml.uat.sos-dev.org\/\",\"name\":\"Science of Spirituality\",\"description\":\"SOS\",\"publisher\":{\"@id\":\"https:\/\/wpml.uat.sos-dev.org\/#organization\"},\"potentialAction\":[{\"@type\":\"SearchAction\",\"target\":{\"@type\":\"EntryPoint\",\"urlTemplate\":\"https:\/\/wpml.uat.sos-dev.org\/?s={search_term_string}\"},\"query-input\":\"required name=search_term_string\"}],\"inLanguage\":\"es\"},{\"@type\":\"WebPage\",\"@id\":\"https:\/\/wpml.uat.sos-dev.org\/es\/spiritual-growth\/#webpage\",\"url\":\"https:\/\/wpml.uat.sos-dev.org\/es\/spiritual-growth\/\",\"name\":\"Despertar espiritual con la meditaci\u00f3n\",\"isPartOf\":{\"@id\":\"https:\/\/wpml.uat.sos-dev.org\/#website\"},\"datePublished\":\"2018-08-04T12:15:53+00:00\",\"dateModified\":\"2021-05-29T13:33:35+00:00\",\"description\":\"La meditaci\u00f3n ense\u00f1ada por Sant Rajinder Singh Ji Maharaj a trav\u00e9s de Ciencia de la Espiritualidad puede ayudarte a despertar espiritualmente, darle prop\u00f3sito y realizaci\u00f3n a tu vida, mostrarte c\u00f3mo tener experiencias espirituales internas y alcanzar la paz interior y exterior.\",\"breadcrumb\":{\"@id\":\"https:\/\/wpml.uat.sos-dev.org\/es\/spiritual-growth\/#breadcrumb\"},\"inLanguage\":\"es\",\"potentialAction\":[{\"@type\":\"ReadAction\",\"target\":[\"https:\/\/wpml.uat.sos-dev.org\/es\/spiritual-growth\/\"]}]},{\"@type\":\"BreadcrumbList\",\"@id\":\"https:\/\/wpml.uat.sos-dev.org\/es\/spiritual-growth\/#breadcrumb\",\"itemListElement\":[{\"@type\":\"ListItem\",\"position\":1,\"name\":\"Home\",\"item\":\"https:\/\/wpml.uat.sos-dev.org\/es\/\"},{\"@type\":\"ListItem\",\"position\":2,\"name\":\"Spiritual Growth\"}]}]}<\/script>\n<!-- \/ Yoast SEO plugin. -->","yoast_head_json":{"title":"Despertar espiritual con la meditaci\u00f3n","description":"La meditaci\u00f3n ense\u00f1ada por Sant Rajinder Singh Ji Maharaj a trav\u00e9s de Ciencia de la Espiritualidad puede ayudarte a despertar espiritualmente, darle prop\u00f3sito y realizaci\u00f3n a tu vida, mostrarte c\u00f3mo tener experiencias espirituales internas y alcanzar la paz interior y exterior.","robots":{"index":"index","follow":"follow","max-snippet":"max-snippet:-1","max-image-preview":"max-image-preview:large","max-video-preview":"max-video-preview:-1"},"canonical":"https:\/\/wpml.uat.sos-dev.org\/es\/spiritual-growth\/","og_locale":"es_ES","og_type":"article","og_title":"Despertar espiritual con la meditaci\u00f3n","og_description":"La meditaci\u00f3n ense\u00f1ada por Sant Rajinder Singh Ji Maharaj a trav\u00e9s de Ciencia de la Espiritualidad puede ayudarte a despertar espiritualmente, darle prop\u00f3sito y realizaci\u00f3n a tu vida, mostrarte c\u00f3mo tener experiencias espirituales internas y alcanzar la paz interior y exterior.","og_url":"https:\/\/wpml.uat.sos-dev.org\/es\/spiritual-growth\/","og_site_name":"Science of Spirituality","article_publisher":"https:\/\/www.facebook.com\/SOS.Global\/","article_modified_time":"2021-05-29T13:33:35+00:00","twitter_card":"summary_large_image","twitter_site":"@sosmeditate","twitter_misc":{"Tiempo de lectura":"7 minutos"},"schema":{"@context":"https:\/\/schema.org","@graph":[{"@type":"Organization","@id":"https:\/\/wpml.uat.sos-dev.org\/#organization","name":"Science of Sprituality","url":"https:\/\/wpml.uat.sos-dev.org\/","sameAs":["https:\/\/www.instagram.com\/science.of.spirituality\/","https:\/\/www.youtube.com\/c\/SantRajinderSinghJiMaharaj","https:\/\/en.wikipedia.org\/wiki\/Science_of_Spirituality","https:\/\/www.facebook.com\/SOS.Global\/","https:\/\/twitter.com\/sosmeditate"],"logo":{"@type":"ImageObject","inLanguage":"es","@id":"https:\/\/wpml.uat.sos-dev.org\/#\/schema\/logo\/image\/","url":"https:\/\/wpml.uat.sos-dev.org\/wp-content\/uploads\/2020\/01\/sos_logo.png","contentUrl":"https:\/\/wpml.uat.sos-dev.org\/wp-content\/uploads\/2020\/01\/sos_logo.png","width":153,"height":109,"caption":"Science of Sprituality"},"image":{"@id":"https:\/\/wpml.uat.sos-dev.org\/#\/schema\/logo\/image\/"}},{"@type":"WebSite","@id":"https:\/\/wpml.uat.sos-dev.org\/#website","url":"https:\/\/wpml.uat.sos-dev.org\/","name":"Science of Spirituality","description":"SOS","publisher":{"@id":"https:\/\/wpml.uat.sos-dev.org\/#organization"},"potentialAction":[{"@type":"SearchAction","target":{"@type":"EntryPoint","urlTemplate":"https:\/\/wpml.uat.sos-dev.org\/?s={search_term_string}"},"query-input":"required name=search_term_string"}],"inLanguage":"es"},{"@type":"WebPage","@id":"https:\/\/wpml.uat.sos-dev.org\/es\/spiritual-growth\/#webpage","url":"https:\/\/wpml.uat.sos-dev.org\/es\/spiritual-growth\/","name":"Despertar espiritual con la meditaci\u00f3n","isPartOf":{"@id":"https:\/\/wpml.uat.sos-dev.org\/#website"},"datePublished":"2018-08-04T12:15:53+00:00","dateModified":"2021-05-29T13:33:35+00:00","description":"La meditaci\u00f3n ense\u00f1ada por Sant Rajinder Singh Ji Maharaj a trav\u00e9s de Ciencia de la Espiritualidad puede ayudarte a despertar espiritualmente, darle prop\u00f3sito y realizaci\u00f3n a tu vida, mostrarte c\u00f3mo tener experiencias espirituales internas y alcanzar la paz interior y exterior.","breadcrumb":{"@id":"https:\/\/wpml.uat.sos-dev.org\/es\/spiritual-growth\/#breadcrumb"},"inLanguage":"es","potentialAction":[{"@type":"ReadAction","target":["https:\/\/wpml.uat.sos-dev.org\/es\/spiritual-growth\/"]}]},{"@type":"BreadcrumbList","@id":"https:\/\/wpml.uat.sos-dev.org\/es\/spiritual-growth\/#breadcrumb","itemListElement":[{"@type":"ListItem","position":1,"name":"Home","item":"https:\/\/wpml.uat.sos-dev.org\/es\/"},{"@type":"ListItem","position":2,"name":"Spiritual Growth"}]}]}},"_links":{"self":[{"href":"https:\/\/wpml.uat.sos-dev.org\/es\/wp-json\/wp\/v2\/pages\/5850"}],"collection":[{"href":"https:\/\/wpml.uat.sos-dev.org\/es\/wp-json\/wp\/v2\/pages"}],"about":[{"href":"https:\/\/wpml.uat.sos-dev.org\/es\/wp-json\/wp\/v2\/types\/page"}],"author":[{"embeddable":true,"href":"https:\/\/wpml.uat.sos-dev.org\/es\/wp-json\/wp\/v2\/users\/1"}],"replies":[{"embeddable":true,"href":"https:\/\/wpml.uat.sos-dev.org\/es\/wp-json\/wp\/v2\/comments?post=5850"}],"version-history":[{"count":7,"href":"https:\/\/wpml.uat.sos-dev.org\/es\/wp-json\/wp\/v2\/pages\/5850\/revisions"}],"predecessor-version":[{"id":55254,"href":"https:\/\/wpml.uat.sos-dev.org\/es\/wp-json\/wp\/v2\/pages\/5850\/revisions\/55254"}],"wp:attachment":[{"href":"https:\/\/wpml.uat.sos-dev.org\/es\/wp-json\/wp\/v2\/media?parent=5850"}],"curies":[{"name":"wp","href":"https:\/\/api.w.org\/{rel}","templated":true}]}}