{"id":5807,"date":"2018-08-04T07:28:46","date_gmt":"2018-08-04T12:28:46","guid":{"rendered":"https:\/\/wpml.uat.sos-dev.org\/articles-2\/"},"modified":"2020-11-28T15:16:26","modified_gmt":"2020-11-28T21:16:26","slug":"articles","status":"publish","type":"page","link":"https:\/\/wpml.uat.sos-dev.org\/es\/articles\/","title":{"rendered":"Art\u00edculos"},"content":{"rendered":"<p>[et_pb_section fb_built=\u00bb1&#8243; module_class=\u00bbsos-marble-bg\u00bb _builder_version=\u00bb3.22&#8243;][et_pb_row _builder_version=\u00bb3.25&#8243; background_size=\u00bbinitial\u00bb background_position=\u00bbtop_left\u00bb background_repeat=\u00bbrepeat\u00bb][et_pb_column type=\u00bb4_4&#8243; _builder_version=\u00bb3.25&#8243; custom_padding=\u00bb|||\u00bb custom_padding__hover=\u00bb|||\u00bb][et_pb_text _builder_version=\u00bb3.27.4&#8243;]<\/p>\n<h1 style=\"text-align: center;\" class=\"sos-uj-page-title\">Art\u00edculos<\/h1>\n<p>[\/et_pb_text][et_pb_blog fullwidth=\u00bboff\u00bb posts_number=\u00bb100&#8243; include_categories=\u00bb28,14,20,43,44,34,30,32,1&#8243; show_author=\u00bboff\u00bb show_date=\u00bboff\u00bb show_categories=\u00bboff\u00bb use_overlay=\u00bbon\u00bb overlay_icon_color=\u00bb#ffffff\u00bb hover_overlay_color=\u00bbrgba(150,135,67,0.7)\u00bb hover_icon=\u00bb%%24%%\u00bb module_class=\u00bbsos-article-only-grid\u00bb _builder_version=\u00bb3.9&#8243;][\/et_pb_blog][\/et_pb_column][\/et_pb_row][\/et_pb_section][et_pb_section fb_built=\u00bb1&#8243; disabled_on=\u00bbon|off|off\u00bb _builder_version=\u00bb4.4.1&#8243; background_color=\u00bb#e1b93b\u00bb background_image=\u00bbhttps:\/\/wpml.uat.sos-dev.org\/wp-content\/uploads\/2018\/07\/footer-08.jpg\u00bb background_enable_image=\u00bboff\u00bb width=\u00bb100%\u00bb custom_padding=\u00bb35px|0px|35px|0px|false|false\u00bb global_module=\u00bb403&#8243; saved_tabs=\u00bball\u00bb][et_pb_row column_structure=\u00bb1_4,1_4,1_4,1_4&#8243; make_equal=\u00bbon\u00bb module_class=\u00bbsos-expanded-footer\u00bb _builder_version=\u00bb3.25&#8243;][et_pb_column type=\u00bb1_4&#8243; _builder_version=\u00bb3.25&#8243; custom_padding=\u00bb|||\u00bb custom_padding__hover=\u00bb|||\u00bb][et_pb_text admin_label=\u00bbMeditation\u00bb _builder_version=\u00bb4.4.1&#8243; text_font=\u00bbNunito|600|||||||\u00bb text_text_color=\u00bb#968743&#8243; text_font_size=\u00bb13px\u00bb header_font=\u00bbNunito||||||||\u00bb header_5_font=\u00bbNunito|600|||||||\u00bb header_6_font=\u00bbNunito|600|||||||\u00bb]<\/p>\n<h3>Meditaci\u00f3n<\/h3>\n<p><a title=\"Spiritual Growth\" href=\"https:\/\/wpml.uat.sos-dev.org\/es\/spiritual-growth\/\">Crecimiento espiritual<\/a><\/p>\n<p><a title=\"Benefits of a Spiritual Guide\" href=\"https:\/\/wpml.uat.sos-dev.org\/es\/sant-rajinder-singh\/\">Beneficios de un gu\u00eda espiritual<\/a><\/p>\n<p><a title=\"Health Benefits\" href=\"https:\/\/wpml.uat.sos-dev.org\/es\/benefits-of-meditation-2\/\">Beneficios para la salud<\/a><\/p>\n<p><a title=\"Healthy Living\" href=\"https:\/\/wpml.uat.sos-dev.org\/es\/vegetarian-diet-and-vegetarian-meals\/\">Vida saludable<\/a> [\/et_pb_text][\/et_pb_column][et_pb_column type=\u00bb1_4&#8243; _builder_version=\u00bb3.25&#8243; custom_padding=\u00bb|||\u00bb custom_padding__hover=\u00bb|||\u00bb][et_pb_text admin_label=\u00bbAbout Us\u00bb _builder_version=\u00bb3.27.4&#8243; text_font=\u00bbNunito|600|||||||\u00bb text_text_color=\u00bb#968743&#8243; text_font_size=\u00bb17px\u00bb header_font=\u00bbNunito||||||||\u00bb header_5_font=\u00bbNunito|600|||||||\u00bb header_6_font=\u00bbNunito|600|||||||\u00bb custom_margin=\u00bb|||\u00bb]<\/p>\n<h3>Acerca de nosotros<\/h3>\n<p><a title=\"Our Organization\" href=\"https:\/\/wpml.uat.sos-dev.org\/es\/about-us\/\">Nuestra organizaci\u00f3n<\/a><\/p>\n<p><a title=\"International Meditation Center\" href=\"https:\/\/wpml.uat.sos-dev.org\/es\/western-headquarters\/\">Centro Internacional de Meditaci\u00f3n<\/a>[\/et_pb_text][\/et_pb_column][et_pb_column type=\u00bb1_4&#8243; _builder_version=\u00bb3.25&#8243; custom_padding=\u00bb|||\u00bb custom_padding__hover=\u00bb|||\u00bb][et_pb_text admin_label=\u00bbExplore\u00bb _builder_version=\u00bb3.29.3&#8243; text_font=\u00bbNunito|600|||||||\u00bb text_text_color=\u00bb#968743&#8243; text_font_size=\u00bb17px\u00bb header_font=\u00bbNunito||||||||\u00bb header_5_font=\u00bbNunito|600|||||||\u00bb header_6_font=\u00bbNunito|600|||||||\u00bb]<\/p>\n<h3>Explorar<\/h3>\n<p><a title=\"Articles\" href=\"https:\/\/wpml.uat.sos-dev.org\/es\/articles-2\/\">Art\u00edculos<\/a><\/p>\n<p><a title=\"Videos\" href=\"https:\/\/wpml.uat.sos-dev.org\/es\/videos-2\/\">Videos<\/a>[\/et_pb_text][\/et_pb_column][et_pb_column type=\u00bb1_4&#8243; _builder_version=\u00bb3.25&#8243; custom_padding=\u00bb|||\u00bb custom_padding__hover=\u00bb|||\u00bb][et_pb_text admin_label=\u00bbMore\u00bb _builder_version=\u00bb3.27.4&#8243; text_font=\u00bbNunito|600|||||||\u00bb text_text_color=\u00bb#968743&#8243; text_font_size=\u00bb17px\u00bb header_font=\u00bbNunito||||||||\u00bb header_5_font=\u00bbNunito|600|||||||\u00bb header_6_font=\u00bbNunito|600|||||||\u00bb]<\/p>\n<h3>M\u00e1s<\/h3>\n<p><a title=\"Spiritual Guide\" href=\"https:\/\/wpml.uat.sos-dev.org\/es\/sant-rajinder-singh\/\">Gu\u00eda espiritual<\/a><\/p>\n<p><a title=\"Find Porgrams\" href=\"\/es\/find-programs\/\">Buscar programas<\/a><\/p>\n<p><a title=\"Connect\" href=\"\/es\/contact-us\/\">Cont\u00e1ctenos<\/a><\/p>\n<p><a title=\"Privacy Policy\" href=\"\/es\/privacy-policy\/\">Pol\u00edtica de privacidad<\/a>[\/et_pb_text][\/et_pb_column][\/et_pb_row][\/et_pb_section]<\/p>\n","protected":false},"excerpt":{"rendered":"<p>Art\u00edculos Meditaci\u00f3n Crecimiento espiritual Beneficios de un gu\u00eda espiritual Beneficios para la salud Vida saludable Acerca de nosotros Nuestra organizaci\u00f3n Centro Internacional de Meditaci\u00f3nExplorar Art\u00edculos VideosM\u00e1s Gu\u00eda espiritual Buscar programas Cont\u00e1ctenos Pol\u00edtica de privacidad<\/p>\n","protected":false},"author":1,"featured_media":0,"parent":0,"menu_order":0,"comment_status":"closed","ping_status":"closed","template":"","meta":{"_et_pb_use_builder":"on","_et_pb_old_content":"","_et_gb_content_width":""},"acf":[],"yoast_head":"<!-- This site is optimized with the Yoast SEO plugin v19.0 - https:\/\/yoast.com\/wordpress\/plugins\/seo\/ -->\n<title>Articles | Spirituality | Benefits of Meditation | Vegetarian Lifestyle |Finding Happiness &amp; Peace<\/title>\n<meta name=\"description\" content=\"Articles about,spirituality,meditation &amp; its benefits,vegetarian lifestyle,finding happiness &amp; peace,how to control anger,finding our true purpose,letting go,finding good in everything &amp; many more relvant topics\" \/>\n<meta name=\"robots\" content=\"index, follow, max-snippet:-1, max-image-preview:large, max-video-preview:-1\" \/>\n<link rel=\"canonical\" href=\"https:\/\/wpml.uat.sos-dev.org\/es\/articles\/\" \/>\n<meta property=\"og:locale\" content=\"es_ES\" \/>\n<meta property=\"og:type\" content=\"article\" \/>\n<meta property=\"og:title\" content=\"Articles | Spirituality | Benefits of Meditation | Vegetarian Lifestyle |Finding Happiness &amp; Peace\" \/>\n<meta property=\"og:description\" content=\"Articles about,spirituality,meditation &amp; its benefits,vegetarian lifestyle,finding happiness &amp; peace,how to control anger,finding our true purpose,letting go,finding good in everything &amp; many more relvant topics\" \/>\n<meta property=\"og:url\" content=\"https:\/\/wpml.uat.sos-dev.org\/es\/articles\/\" \/>\n<meta property=\"og:site_name\" content=\"Science of Spirituality\" \/>\n<meta property=\"article:publisher\" content=\"https:\/\/www.facebook.com\/SOS.Global\/\" \/>\n<meta property=\"article:modified_time\" content=\"2020-11-28T21:16:26+00:00\" \/>\n<meta name=\"twitter:card\" content=\"summary_large_image\" \/>\n<meta name=\"twitter:site\" content=\"@sosmeditate\" \/>\n<meta name=\"twitter:label1\" content=\"Tiempo de lectura\" \/>\n\t<meta name=\"twitter:data1\" content=\"2 minutos\" \/>\n<script type=\"application\/ld+json\" class=\"yoast-schema-graph\">{\"@context\":\"https:\/\/schema.org\",\"@graph\":[{\"@type\":\"Organization\",\"@id\":\"https:\/\/wpml.uat.sos-dev.org\/#organization\",\"name\":\"Science of Sprituality\",\"url\":\"https:\/\/wpml.uat.sos-dev.org\/\",\"sameAs\":[\"https:\/\/www.instagram.com\/science.of.spirituality\/\",\"https:\/\/www.youtube.com\/c\/SantRajinderSinghJiMaharaj\",\"https:\/\/en.wikipedia.org\/wiki\/Science_of_Spirituality\",\"https:\/\/www.facebook.com\/SOS.Global\/\",\"https:\/\/twitter.com\/sosmeditate\"],\"logo\":{\"@type\":\"ImageObject\",\"inLanguage\":\"es\",\"@id\":\"https:\/\/wpml.uat.sos-dev.org\/#\/schema\/logo\/image\/\",\"url\":\"https:\/\/wpml.uat.sos-dev.org\/wp-content\/uploads\/2020\/01\/sos_logo.png\",\"contentUrl\":\"https:\/\/wpml.uat.sos-dev.org\/wp-content\/uploads\/2020\/01\/sos_logo.png\",\"width\":153,\"height\":109,\"caption\":\"Science of Sprituality\"},\"image\":{\"@id\":\"https:\/\/wpml.uat.sos-dev.org\/#\/schema\/logo\/image\/\"}},{\"@type\":\"WebSite\",\"@id\":\"https:\/\/wpml.uat.sos-dev.org\/#website\",\"url\":\"https:\/\/wpml.uat.sos-dev.org\/\",\"name\":\"Science of Spirituality\",\"description\":\"SOS\",\"publisher\":{\"@id\":\"https:\/\/wpml.uat.sos-dev.org\/#organization\"},\"potentialAction\":[{\"@type\":\"SearchAction\",\"target\":{\"@type\":\"EntryPoint\",\"urlTemplate\":\"https:\/\/wpml.uat.sos-dev.org\/?s={search_term_string}\"},\"query-input\":\"required name=search_term_string\"}],\"inLanguage\":\"es\"},{\"@type\":\"WebPage\",\"@id\":\"https:\/\/wpml.uat.sos-dev.org\/es\/articles\/#webpage\",\"url\":\"https:\/\/wpml.uat.sos-dev.org\/es\/articles\/\",\"name\":\"Articles | Spirituality | Benefits of Meditation | Vegetarian Lifestyle |Finding Happiness & Peace\",\"isPartOf\":{\"@id\":\"https:\/\/wpml.uat.sos-dev.org\/#website\"},\"datePublished\":\"2018-08-04T12:28:46+00:00\",\"dateModified\":\"2020-11-28T21:16:26+00:00\",\"description\":\"Articles about,spirituality,meditation & its benefits,vegetarian lifestyle,finding happiness & peace,how to control anger,finding our true purpose,letting go,finding good in everything & many more relvant topics\",\"breadcrumb\":{\"@id\":\"https:\/\/wpml.uat.sos-dev.org\/es\/articles\/#breadcrumb\"},\"inLanguage\":\"es\",\"potentialAction\":[{\"@type\":\"ReadAction\",\"target\":[\"https:\/\/wpml.uat.sos-dev.org\/es\/articles\/\"]}]},{\"@type\":\"BreadcrumbList\",\"@id\":\"https:\/\/wpml.uat.sos-dev.org\/es\/articles\/#breadcrumb\",\"itemListElement\":[{\"@type\":\"ListItem\",\"position\":1,\"name\":\"Home\",\"item\":\"https:\/\/wpml.uat.sos-dev.org\/es\/\"},{\"@type\":\"ListItem\",\"position\":2,\"name\":\"Art\u00edculos\"}]}]}<\/script>\n<!-- \/ Yoast SEO plugin. -->","yoast_head_json":{"title":"Articles | Spirituality | Benefits of Meditation | Vegetarian Lifestyle |Finding Happiness & Peace","description":"Articles about,spirituality,meditation & its benefits,vegetarian lifestyle,finding happiness & peace,how to control anger,finding our true purpose,letting go,finding good in everything & many more relvant topics","robots":{"index":"index","follow":"follow","max-snippet":"max-snippet:-1","max-image-preview":"max-image-preview:large","max-video-preview":"max-video-preview:-1"},"canonical":"https:\/\/wpml.uat.sos-dev.org\/es\/articles\/","og_locale":"es_ES","og_type":"article","og_title":"Articles | Spirituality | Benefits of Meditation | Vegetarian Lifestyle |Finding Happiness & Peace","og_description":"Articles about,spirituality,meditation & its benefits,vegetarian lifestyle,finding happiness & peace,how to control anger,finding our true purpose,letting go,finding good in everything & many more relvant topics","og_url":"https:\/\/wpml.uat.sos-dev.org\/es\/articles\/","og_site_name":"Science of Spirituality","article_publisher":"https:\/\/www.facebook.com\/SOS.Global\/","article_modified_time":"2020-11-28T21:16:26+00:00","twitter_card":"summary_large_image","twitter_site":"@sosmeditate","twitter_misc":{"Tiempo de lectura":"2 minutos"},"schema":{"@context":"https:\/\/schema.org","@graph":[{"@type":"Organization","@id":"https:\/\/wpml.uat.sos-dev.org\/#organization","name":"Science of Sprituality","url":"https:\/\/wpml.uat.sos-dev.org\/","sameAs":["https:\/\/www.instagram.com\/science.of.spirituality\/","https:\/\/www.youtube.com\/c\/SantRajinderSinghJiMaharaj","https:\/\/en.wikipedia.org\/wiki\/Science_of_Spirituality","https:\/\/www.facebook.com\/SOS.Global\/","https:\/\/twitter.com\/sosmeditate"],"logo":{"@type":"ImageObject","inLanguage":"es","@id":"https:\/\/wpml.uat.sos-dev.org\/#\/schema\/logo\/image\/","url":"https:\/\/wpml.uat.sos-dev.org\/wp-content\/uploads\/2020\/01\/sos_logo.png","contentUrl":"https:\/\/wpml.uat.sos-dev.org\/wp-content\/uploads\/2020\/01\/sos_logo.png","width":153,"height":109,"caption":"Science of Sprituality"},"image":{"@id":"https:\/\/wpml.uat.sos-dev.org\/#\/schema\/logo\/image\/"}},{"@type":"WebSite","@id":"https:\/\/wpml.uat.sos-dev.org\/#website","url":"https:\/\/wpml.uat.sos-dev.org\/","name":"Science of Spirituality","description":"SOS","publisher":{"@id":"https:\/\/wpml.uat.sos-dev.org\/#organization"},"potentialAction":[{"@type":"SearchAction","target":{"@type":"EntryPoint","urlTemplate":"https:\/\/wpml.uat.sos-dev.org\/?s={search_term_string}"},"query-input":"required name=search_term_string"}],"inLanguage":"es"},{"@type":"WebPage","@id":"https:\/\/wpml.uat.sos-dev.org\/es\/articles\/#webpage","url":"https:\/\/wpml.uat.sos-dev.org\/es\/articles\/","name":"Articles | Spirituality | Benefits of Meditation | Vegetarian Lifestyle |Finding Happiness & Peace","isPartOf":{"@id":"https:\/\/wpml.uat.sos-dev.org\/#website"},"datePublished":"2018-08-04T12:28:46+00:00","dateModified":"2020-11-28T21:16:26+00:00","description":"Articles about,spirituality,meditation & its benefits,vegetarian lifestyle,finding happiness & peace,how to control anger,finding our true purpose,letting go,finding good in everything & many more relvant topics","breadcrumb":{"@id":"https:\/\/wpml.uat.sos-dev.org\/es\/articles\/#breadcrumb"},"inLanguage":"es","potentialAction":[{"@type":"ReadAction","target":["https:\/\/wpml.uat.sos-dev.org\/es\/articles\/"]}]},{"@type":"BreadcrumbList","@id":"https:\/\/wpml.uat.sos-dev.org\/es\/articles\/#breadcrumb","itemListElement":[{"@type":"ListItem","position":1,"name":"Home","item":"https:\/\/wpml.uat.sos-dev.org\/es\/"},{"@type":"ListItem","position":2,"name":"Art\u00edculos"}]}]}},"_links":{"self":[{"href":"https:\/\/wpml.uat.sos-dev.org\/es\/wp-json\/wp\/v2\/pages\/5807"}],"collection":[{"href":"https:\/\/wpml.uat.sos-dev.org\/es\/wp-json\/wp\/v2\/pages"}],"about":[{"href":"https:\/\/wpml.uat.sos-dev.org\/es\/wp-json\/wp\/v2\/types\/page"}],"author":[{"embeddable":true,"href":"https:\/\/wpml.uat.sos-dev.org\/es\/wp-json\/wp\/v2\/users\/1"}],"replies":[{"embeddable":true,"href":"https:\/\/wpml.uat.sos-dev.org\/es\/wp-json\/wp\/v2\/comments?post=5807"}],"version-history":[{"count":4,"href":"https:\/\/wpml.uat.sos-dev.org\/es\/wp-json\/wp\/v2\/pages\/5807\/revisions"}],"predecessor-version":[{"id":45666,"href":"https:\/\/wpml.uat.sos-dev.org\/es\/wp-json\/wp\/v2\/pages\/5807\/revisions\/45666"}],"wp:attachment":[{"href":"https:\/\/wpml.uat.sos-dev.org\/es\/wp-json\/wp\/v2\/media?parent=5807"}],"curies":[{"name":"wp","href":"https:\/\/api.w.org\/{rel}","templated":true}]}}