{"id":22979,"date":"2019-11-16T09:48:26","date_gmt":"2019-11-16T15:48:26","guid":{"rendered":"https:\/\/wpml.uat.sos-dev.org\/connect-form\/"},"modified":"2020-06-28T16:05:35","modified_gmt":"2020-06-28T21:05:35","slug":"connect-form","status":"publish","type":"page","link":"https:\/\/wpml.uat.sos-dev.org\/es\/connect-form\/","title":{"rendered":"Connect Form"},"content":{"rendered":"<p>[et_pb_section fb_built=\u00bb1&#8243; _builder_version=\u00bb3.29.3&#8243;][et_pb_row _builder_version=\u00bb3.29.3&#8243;][et_pb_column type=\u00bb4_4&#8243; _builder_version=\u00bb3.29.3&#8243;][et_pb_text _builder_version=\u00bb3.29.3&#8243;]<\/p>\n<h1 style=\"text-align: center;\">Reg\u00edstrate y aprende m\u00e1s<\/h1>\n<p>[\/et_pb_text][et_pb_sos_contact_form captcha=\u00bboff\u00bb success_message=\u00bbThanks for contacting us.\u00bb _builder_version=\u00bb4.4.6&#8243; max_width=\u00bb80%\u00bb max_width_tablet=\u00bb\u00bb max_width_phone=\u00bb\u00bb max_width_last_edited=\u00bbon|desktop\u00bb module_alignment=\u00bbcenter\u00bb min_height=\u00bb400px\u00bb min_height_tablet=\u00bb\u00bb min_height_phone=\u00bb\u00bb min_height_last_edited=\u00bbon|desktop\u00bb height_tablet=\u00bb\u00bb height_phone=\u00bb\u00bb height_last_edited=\u00bbon|desktop\u00bb hover_enabled=\u00bb0&#8243;][et_pb_sos_contact_form_field field_id=\u00bbfirst-name\u00bb field_title=\u00bbNombre\u00bb _builder_version=\u00bb3.29.3&#8243;][\/et_pb_sos_contact_form_field][et_pb_sos_contact_form_field field_id=\u00bblast-name\u00bb field_title=\u00bbApellido\u00bb _builder_version=\u00bb3.29.3&#8243;][\/et_pb_sos_contact_form_field][et_pb_sos_contact_form_field field_id=\u00bbemail\u00bb field_title=\u00bbCorreo electr\u00f3nico\u00bb field_type=\u00bbemail\u00bb hide_form_connect_context_value=\u00bbintroductory-material\u00bb _builder_version=\u00bb3.29.3&#8243; custom_css_main_element=\u00bbclear: both;\u00bb][\/et_pb_sos_contact_form_field][et_pb_sos_contact_form_field field_id=\u00bbintro-email-req\u00bb field_title=\u00bbCorreo electr\u00f3nico\u00bb field_type=\u00bbemail\u00bb conditional_logic=\u00bbon\u00bb conditional_logic_rules=\u00bb%91{%22field%22:%22sos-postal-intro-material%22,%22condition%22:%22is empty%22,%22value%22:%22Si no tienes un correo electr\u00f3nico, recibe el material de introducci\u00f3n a trav\u00e9s del correo postal.%22}%93&#8243; show_form_connect_context_value=\u00bbintroductory-material\u00bb _builder_version=\u00bb3.29.3&#8243;][\/et_pb_sos_contact_form_field][et_pb_sos_contact_form_field field_id=\u00bbsos-postal-intro-material\u00bb field_title=\u00bbRecibir por correo\u00bb field_type=\u00bbcheckbox\u00bb checkbox_options=\u00bb%91{%22value%22:%22Si no tienes un correo electr\u00f3nico, recibe el material de introducci\u00f3n a trav\u00e9s del correo postal.%22,%22checked%22:0,%22dragID%22:-1}%93&#8243; required_mark=\u00bboff\u00bb fullwidth_field=\u00bbon\u00bb show_form_connect_context_value=\u00bbintroductory-material\u00bb _builder_version=\u00bb3.29.3&#8243;][\/et_pb_sos_contact_form_field][et_pb_sos_contact_form_field field_id=\u00bbintro-address-1&#8243; field_title=\u00bbDirecci\u00f3n 1&#8243; conditional_logic=\u00bbon\u00bb conditional_logic_rules=\u00bb%91{%22field%22:%22sos-postal-intro-material%22,%22condition%22:%22is not empty%22,%22value%22:%22Si no tienes un correo electr\u00f3nico, recibe el material de introducci\u00f3n a trav\u00e9s del correo postal.%22}%93&#8243; show_form_connect_context_value=\u00bbintroductory-material\u00bb _builder_version=\u00bb3.29.3&#8243;][\/et_pb_sos_contact_form_field][et_pb_sos_contact_form_field field_id=\u00bbintro-address-2&#8243; field_title=\u00bbDirecci\u00f3n 2&#8243; required_mark=\u00bboff\u00bb conditional_logic=\u00bbon\u00bb conditional_logic_rules=\u00bb%91{%22field%22:%22sos-postal-intro-material%22,%22condition%22:%22is not empty%22,%22value%22:%22Si no tienes un correo electr\u00f3nico, recibe el material de introducci\u00f3n a trav\u00e9s del correo postal.%22}%93&#8243; show_form_connect_context_value=\u00bbintroductory-material\u00bb _builder_version=\u00bb3.29.3&#8243;][\/et_pb_sos_contact_form_field][et_pb_sos_contact_form_field field_id=\u00bbintro-country\u00bb field_title=\u00bbPa\u00eds\u00bb field_type=\u00bbcountry\u00bb conditional_logic=\u00bbon\u00bb conditional_logic_rules=\u00bb%91{%22field%22:%22sos-postal-intro-material%22,%22condition%22:%22is not empty%22,%22value%22:%22Si no tienes un correo electr\u00f3nico, recibe el material de introducci\u00f3n a trav\u00e9s del correo postal.%22}%93&#8243; show_form_connect_context_value=\u00bbintroductory-material\u00bb _builder_version=\u00bb3.29.3&#8243;][\/et_pb_sos_contact_form_field][et_pb_sos_contact_form_field field_id=\u00bbintro-zip-code\u00bb field_title=\u00bbC\u00f3digo postal\u00bb conditional_logic=\u00bbon\u00bb conditional_logic_rules=\u00bb%91{%22field%22:%22sos-postal-intro-material%22,%22condition%22:%22is not empty%22,%22value%22:%22Si no tienes un correo electr\u00f3nico, recibe el material de introducci\u00f3n a trav\u00e9s del correo postal.%22}%93&#8243; show_form_connect_context_value=\u00bbintroductory-material\u00bb _builder_version=\u00bb3.29.3&#8243;][\/et_pb_sos_contact_form_field][et_pb_sos_contact_form_field field_id=\u00bbintro-email-opt\u00bb field_title=\u00bbCorreo electr\u00f3nico\u00bb field_type=\u00bbemail\u00bb required_mark=\u00bboff\u00bb conditional_logic=\u00bbon\u00bb conditional_logic_rules=\u00bb%91{%22field%22:%22sos-postal-intro-material%22,%22condition%22:%22is not empty%22,%22value%22:%22Si no tienes un correo electr\u00f3nico, recibe el material de introducci\u00f3n a trav\u00e9s del correo postal.%22}%93&#8243; show_form_connect_context_value=\u00bbintroductory-material\u00bb _builder_version=\u00bb3.29.3&#8243;][\/et_pb_sos_contact_form_field][et_pb_sos_contact_form_field field_id=\u00bbsos-interest-label\u00bb field_title=\u00bb\u00bfEst\u00e1 interesado en los programas y eventos de la Ciencia de la Espiritualidad cerca de usted?\u00bb field_type=\u00bblabel\u00bb required_mark=\u00bboff\u00bb fullwidth_field=\u00bbon\u00bb hide_form_connect_context_value=\u00bbintroductory-material\u00bb _builder_version=\u00bb3.29.3&#8243;][\/et_pb_sos_contact_form_field][et_pb_sos_contact_form_field field_id=\u00bbcountry\u00bb field_title=\u00bbPa\u00eds\u00bb field_type=\u00bbcountry\u00bb required_mark=\u00bboff\u00bb hide_form_connect_context_value=\u00bbintroductory-material\u00bb _builder_version=\u00bb3.29.3&#8243;][\/et_pb_sos_contact_form_field][et_pb_sos_contact_form_field field_id=\u00bbzip-code\u00bb field_title=\u00bbC\u00f3digo postal\u00bb required_mark=\u00bboff\u00bb hide_form_connect_context_value=\u00bbintroductory-material\u00bb _builder_version=\u00bb3.29.3&#8243;][\/et_pb_sos_contact_form_field][et_pb_sos_contact_form_field field_id=\u00bbsos-consent-check\u00bb field_title=\u00bbConsentConsentimiento\u00bb field_type=\u00bbcheckbox\u00bb checkbox_options=\u00bb%91{%22value%22:%22%22,%22checked%22:0,%22dragID%22:-1}%93&#8243; fullwidth_field=\u00bbon\u00bb show_form_label_value=\u00bbConfirmo que tengo al menos 18 a\u00f1os y doy mi consentimiento para recibir material promocional, que incluye, pero no se limita a, <\/p>\n<ul>\n<li>\u00daltimas noticias, pr\u00f3ximos eventos y programas de la Ciencia de la Espiritualidad<\/li>\n<li>Noticias y art\u00edculos sobre Sant Rajinder Singh Ji Maharaj<\/li>\n<li>La meditaci\u00f3n y sus beneficios<\/li>\n<li>El vegetarianismo y sus beneficios para la salud<\/li>\n<\/ul>\n<p>\u00bb _builder_version=\u00bb4.4.6&#8243;][\/et_pb_sos_contact_form_field][et_pb_sos_contact_form_field field_id=\u00bbsos-agree-terms-on-submit\u00bb field_title=\u00bbAl compartir y enviar mis datos, acepto los <a href=%22\/terms-of-use%22>t\u00e9rminos de uso<\/a> y <a href=%22\/privacy-policy%22>la pol\u00edtica de privacidad<\/a>de Science of Spirituality, que rigen el uso de cualquier informaci\u00f3n compartida en este sitio web.\u00bb field_type=\u00bblabel\u00bb required_mark=\u00bboff\u00bb fullwidth_field=\u00bbon\u00bb _builder_version=\u00bb4.4.6&#8243; hover_enabled=\u00bb0&#8243;][\/et_pb_sos_contact_form_field][\/et_pb_sos_contact_form][et_pb_text _builder_version=\u00bb4.4.6&#8243; max_width=\u00bb70%\u00bb max_width_tablet=\u00bb\u00bb max_width_phone=\u00bb\u00bb max_width_last_edited=\u00bbon|desktop\u00bb module_alignment=\u00bbcenter\u00bb custom_padding=\u00bb|||40px|false|false\u00bb custom_padding_tablet=\u00bb|||0px|false|false\u00bb custom_padding_phone=\u00bb\u00bb custom_padding_last_edited=\u00bbon|phone\u00bb]Ciencia de la Espiritualidad no compartir\u00e1 ni vender\u00e1 su informaci\u00f3n personal. Puedes retirar tu consentimiento para contactarte y cancelar la suscripci\u00f3n en cualquier momento. Por favor, consulte nuestra  <a href=\"\/privacy-policy\">pol\u00edtica de privacidad<\/a> y t\u00e9rminos de uso para retirar su consentimiento o entender mejor sus derechos de protecci\u00f3n de datos.[\/et_pb_text][\/et_pb_column][\/et_pb_row][\/et_pb_section][et_pb_section fb_built=\u00bb1&#8243; disabled_on=\u00bbon|off|off\u00bb _builder_version=\u00bb4.4.1&#8243; background_color=\u00bb#e1b93b\u00bb background_enable_image=\u00bboff\u00bb width=\u00bb100%\u00bb custom_padding=\u00bb35px|0px|35px|0px|false|false\u00bb global_module=\u00bb403&#8243; saved_tabs=\u00bball\u00bb collapsed=\u00bboff\u00bb][et_pb_row column_structure=\u00bb1_4,1_4,1_4,1_4&#8243; make_equal=\u00bbon\u00bb module_class=\u00bbsos-expanded-footer\u00bb _builder_version=\u00bb3.25&#8243;][et_pb_column type=\u00bb1_4&#8243; _builder_version=\u00bb3.25&#8243; custom_padding=\u00bb|||\u00bb custom_padding__hover=\u00bb|||\u00bb][et_pb_text admin_label=\u00bbMeditation\u00bb _builder_version=\u00bb4.4.1&#8243; text_font=\u00bbNunito|600|||||||\u00bb text_text_color=\u00bb#968743&#8243; text_font_size=\u00bb13px\u00bb header_font=\u00bbNunito||||||||\u00bb header_5_font=\u00bbNunito|600|||||||\u00bb header_6_font=\u00bbNunito|600|||||||\u00bb]<\/p>\n<h3>MEDITATION<\/h3>\n<p><a title=\"Spiritual Growth\" href=\"https:\/\/wpml.uat.sos-dev.org\/es\/spiritual-growth\/\">Spiritual Growth<\/a><\/p>\n<p><a title=\"Benefits of a Spiritual Guide\" href=\"https:\/\/wpml.uat.sos-dev.org\/es\/sant-rajinder-singh\/\">Benefits of a Spiritual Guide<\/a><\/p>\n<p><a title=\"Health Benefits\" href=\"https:\/\/wpml.uat.sos-dev.org\/es\/benefits-of-meditation-2\/\">Meditation Byproducts<\/a><\/p>\n<p><a title=\"Healthy Living\" href=\"https:\/\/wpml.uat.sos-dev.org\/es\/vegetarian-diet-and-vegetarian-meals\/\">Healthy Living<\/a>[\/et_pb_text][\/et_pb_column][et_pb_column type=\u00bb1_4&#8243; _builder_version=\u00bb3.25&#8243; custom_padding=\u00bb|||\u00bb custom_padding__hover=\u00bb|||\u00bb][et_pb_text admin_label=\u00bbAbout Us\u00bb _builder_version=\u00bb3.27.4&#8243; text_font=\u00bbNunito|600|||||||\u00bb text_text_color=\u00bb#968743&#8243; text_font_size=\u00bb17px\u00bb header_font=\u00bbNunito||||||||\u00bb header_5_font=\u00bbNunito|600|||||||\u00bb header_6_font=\u00bbNunito|600|||||||\u00bb custom_margin=\u00bb|||\u00bb]<\/p>\n<h3>ABOUT US<\/h3>\n<p><a title=\"Our Organization\" href=\"https:\/\/wpml.uat.sos-dev.org\/es\/about-us\/\">Our Organization<\/a><\/p>\n<p><a title=\"International Meditation Center\" href=\"https:\/\/wpml.uat.sos-dev.org\/es\/western-headquarters\/\">International Meditation Center<\/a>[\/et_pb_text][\/et_pb_column][et_pb_column type=\u00bb1_4&#8243; _builder_version=\u00bb3.25&#8243; custom_padding=\u00bb|||\u00bb custom_padding__hover=\u00bb|||\u00bb][et_pb_text admin_label=\u00bbExplore\u00bb _builder_version=\u00bb3.29.3&#8243; text_font=\u00bbNunito|600|||||||\u00bb text_text_color=\u00bb#968743&#8243; text_font_size=\u00bb17px\u00bb header_font=\u00bbNunito||||||||\u00bb header_5_font=\u00bbNunito|600|||||||\u00bb header_6_font=\u00bbNunito|600|||||||\u00bb]<\/p>\n<h3>EXPLORE<\/h3>\n<p><a title=\"Articles\" href=\"https:\/\/wpml.uat.sos-dev.org\/es\/articles-2\/\">Articles<\/a><\/p>\n<p><a title=\"Videos\" href=\"https:\/\/wpml.uat.sos-dev.org\/es\/videos-2\/\">Videos<\/a>[\/et_pb_text][\/et_pb_column][et_pb_column type=\u00bb1_4&#8243; _builder_version=\u00bb3.25&#8243; custom_padding=\u00bb|||\u00bb custom_padding__hover=\u00bb|||\u00bb][et_pb_text admin_label=\u00bbMore\u00bb _builder_version=\u00bb3.27.4&#8243; text_font=\u00bbNunito|600|||||||\u00bb text_text_color=\u00bb#968743&#8243; text_font_size=\u00bb17px\u00bb header_font=\u00bbNunito||||||||\u00bb header_5_font=\u00bbNunito|600|||||||\u00bb header_6_font=\u00bbNunito|600|||||||\u00bb]<\/p>\n<h3>MORE<\/h3>\n<p><a title=\"Spiritual Guide\" href=\"https:\/\/wpml.uat.sos-dev.org\/es\/sant-rajinder-singh\/\">Spiritual Guide<\/a><\/p>\n<p><a title=\"Find Porgrams\" href=\"https:\/\/wpml.uat.sos-dev.org\/es\/find-programs-2\/\">Find Programs<\/a><\/p>\n<p><a title=\"Connect\" href=\"https:\/\/wpml.uat.sos-dev.org\/es\/contact-us-2\/\">Connect<\/a><\/p>\n<p><a title=\"Privacy Policy\" href=\"\/privacy-policy\/\">Privacy Policy<\/a>[\/et_pb_text][\/et_pb_column][\/et_pb_row][\/et_pb_section]<\/p>\n","protected":false},"excerpt":{"rendered":"<p>Reg\u00edstrate y aprende m\u00e1sCiencia de la Espiritualidad no compartir\u00e1 ni vender\u00e1 su informaci\u00f3n personal. Puedes retirar tu consentimiento para contactarte y cancelar la suscripci\u00f3n en cualquier momento. Por favor, consulte nuestra pol\u00edtica de privacidad y t\u00e9rminos de uso para retirar su consentimiento o entender mejor sus derechos de protecci\u00f3n de datos.MEDITATION Spiritual Growth Benefits of [&hellip;]<\/p>\n","protected":false},"author":3,"featured_media":0,"parent":0,"menu_order":0,"comment_status":"closed","ping_status":"closed","template":"","meta":{"_et_pb_use_builder":"on","_et_pb_old_content":"","_et_gb_content_width":""},"acf":[],"yoast_head":"<!-- This site is optimized with the Yoast SEO plugin v19.0 - https:\/\/yoast.com\/wordpress\/plugins\/seo\/ -->\n<title>Connect Form | Science of Spirituality<\/title>\n<meta name=\"robots\" content=\"noindex, follow\" \/>\n<meta property=\"og:locale\" content=\"es_ES\" \/>\n<meta property=\"og:type\" content=\"article\" \/>\n<meta property=\"og:title\" content=\"Connect Form | Science of Spirituality\" \/>\n<meta property=\"og:description\" content=\"Reg\u00edstrate y aprende m\u00e1sCiencia de la Espiritualidad no compartir\u00e1 ni vender\u00e1 su informaci\u00f3n personal. Puedes retirar tu consentimiento para contactarte y cancelar la suscripci\u00f3n en cualquier momento. Por favor, consulte nuestra pol\u00edtica de privacidad y t\u00e9rminos de uso para retirar su consentimiento o entender mejor sus derechos de protecci\u00f3n de datos.MEDITATION Spiritual Growth Benefits of [&hellip;]\" \/>\n<meta property=\"og:url\" content=\"https:\/\/wpml.uat.sos-dev.org\/es\/connect-form\/\" \/>\n<meta property=\"og:site_name\" content=\"Science of Spirituality\" \/>\n<meta property=\"article:publisher\" content=\"https:\/\/www.facebook.com\/SOS.Global\/\" \/>\n<meta property=\"article:modified_time\" content=\"2020-06-28T21:05:35+00:00\" \/>\n<meta name=\"twitter:card\" content=\"summary_large_image\" \/>\n<meta name=\"twitter:site\" content=\"@sosmeditate\" \/>\n<meta name=\"twitter:label1\" content=\"Tiempo de lectura\" \/>\n\t<meta name=\"twitter:data1\" content=\"6 minutos\" \/>\n<script type=\"application\/ld+json\" class=\"yoast-schema-graph\">{\"@context\":\"https:\/\/schema.org\",\"@graph\":[{\"@type\":\"Organization\",\"@id\":\"https:\/\/wpml.uat.sos-dev.org\/#organization\",\"name\":\"Science of Sprituality\",\"url\":\"https:\/\/wpml.uat.sos-dev.org\/\",\"sameAs\":[\"https:\/\/www.instagram.com\/science.of.spirituality\/\",\"https:\/\/www.youtube.com\/c\/SantRajinderSinghJiMaharaj\",\"https:\/\/en.wikipedia.org\/wiki\/Science_of_Spirituality\",\"https:\/\/www.facebook.com\/SOS.Global\/\",\"https:\/\/twitter.com\/sosmeditate\"],\"logo\":{\"@type\":\"ImageObject\",\"inLanguage\":\"es\",\"@id\":\"https:\/\/wpml.uat.sos-dev.org\/#\/schema\/logo\/image\/\",\"url\":\"https:\/\/wpml.uat.sos-dev.org\/wp-content\/uploads\/2020\/01\/sos_logo.png\",\"contentUrl\":\"https:\/\/wpml.uat.sos-dev.org\/wp-content\/uploads\/2020\/01\/sos_logo.png\",\"width\":153,\"height\":109,\"caption\":\"Science of Sprituality\"},\"image\":{\"@id\":\"https:\/\/wpml.uat.sos-dev.org\/#\/schema\/logo\/image\/\"}},{\"@type\":\"WebSite\",\"@id\":\"https:\/\/wpml.uat.sos-dev.org\/#website\",\"url\":\"https:\/\/wpml.uat.sos-dev.org\/\",\"name\":\"Science of Spirituality\",\"description\":\"SOS\",\"publisher\":{\"@id\":\"https:\/\/wpml.uat.sos-dev.org\/#organization\"},\"potentialAction\":[{\"@type\":\"SearchAction\",\"target\":{\"@type\":\"EntryPoint\",\"urlTemplate\":\"https:\/\/wpml.uat.sos-dev.org\/?s={search_term_string}\"},\"query-input\":\"required name=search_term_string\"}],\"inLanguage\":\"es\"},{\"@type\":\"WebPage\",\"@id\":\"https:\/\/wpml.uat.sos-dev.org\/es\/connect-form\/#webpage\",\"url\":\"https:\/\/wpml.uat.sos-dev.org\/es\/connect-form\/\",\"name\":\"Connect Form | Science of Spirituality\",\"isPartOf\":{\"@id\":\"https:\/\/wpml.uat.sos-dev.org\/#website\"},\"datePublished\":\"2019-11-16T15:48:26+00:00\",\"dateModified\":\"2020-06-28T21:05:35+00:00\",\"breadcrumb\":{\"@id\":\"https:\/\/wpml.uat.sos-dev.org\/es\/connect-form\/#breadcrumb\"},\"inLanguage\":\"es\",\"potentialAction\":[{\"@type\":\"ReadAction\",\"target\":[\"https:\/\/wpml.uat.sos-dev.org\/es\/connect-form\/\"]}]},{\"@type\":\"BreadcrumbList\",\"@id\":\"https:\/\/wpml.uat.sos-dev.org\/es\/connect-form\/#breadcrumb\",\"itemListElement\":[{\"@type\":\"ListItem\",\"position\":1,\"name\":\"Home\",\"item\":\"https:\/\/wpml.uat.sos-dev.org\/es\/\"},{\"@type\":\"ListItem\",\"position\":2,\"name\":\"Connect Form\"}]}]}<\/script>\n<!-- \/ Yoast SEO plugin. -->","yoast_head_json":{"title":"Connect Form | Science of Spirituality","robots":{"index":"noindex","follow":"follow"},"og_locale":"es_ES","og_type":"article","og_title":"Connect Form | Science of Spirituality","og_description":"Reg\u00edstrate y aprende m\u00e1sCiencia de la Espiritualidad no compartir\u00e1 ni vender\u00e1 su informaci\u00f3n personal. Puedes retirar tu consentimiento para contactarte y cancelar la suscripci\u00f3n en cualquier momento. Por favor, consulte nuestra pol\u00edtica de privacidad y t\u00e9rminos de uso para retirar su consentimiento o entender mejor sus derechos de protecci\u00f3n de datos.MEDITATION Spiritual Growth Benefits of [&hellip;]","og_url":"https:\/\/wpml.uat.sos-dev.org\/es\/connect-form\/","og_site_name":"Science of Spirituality","article_publisher":"https:\/\/www.facebook.com\/SOS.Global\/","article_modified_time":"2020-06-28T21:05:35+00:00","twitter_card":"summary_large_image","twitter_site":"@sosmeditate","twitter_misc":{"Tiempo de lectura":"6 minutos"},"schema":{"@context":"https:\/\/schema.org","@graph":[{"@type":"Organization","@id":"https:\/\/wpml.uat.sos-dev.org\/#organization","name":"Science of Sprituality","url":"https:\/\/wpml.uat.sos-dev.org\/","sameAs":["https:\/\/www.instagram.com\/science.of.spirituality\/","https:\/\/www.youtube.com\/c\/SantRajinderSinghJiMaharaj","https:\/\/en.wikipedia.org\/wiki\/Science_of_Spirituality","https:\/\/www.facebook.com\/SOS.Global\/","https:\/\/twitter.com\/sosmeditate"],"logo":{"@type":"ImageObject","inLanguage":"es","@id":"https:\/\/wpml.uat.sos-dev.org\/#\/schema\/logo\/image\/","url":"https:\/\/wpml.uat.sos-dev.org\/wp-content\/uploads\/2020\/01\/sos_logo.png","contentUrl":"https:\/\/wpml.uat.sos-dev.org\/wp-content\/uploads\/2020\/01\/sos_logo.png","width":153,"height":109,"caption":"Science of Sprituality"},"image":{"@id":"https:\/\/wpml.uat.sos-dev.org\/#\/schema\/logo\/image\/"}},{"@type":"WebSite","@id":"https:\/\/wpml.uat.sos-dev.org\/#website","url":"https:\/\/wpml.uat.sos-dev.org\/","name":"Science of Spirituality","description":"SOS","publisher":{"@id":"https:\/\/wpml.uat.sos-dev.org\/#organization"},"potentialAction":[{"@type":"SearchAction","target":{"@type":"EntryPoint","urlTemplate":"https:\/\/wpml.uat.sos-dev.org\/?s={search_term_string}"},"query-input":"required name=search_term_string"}],"inLanguage":"es"},{"@type":"WebPage","@id":"https:\/\/wpml.uat.sos-dev.org\/es\/connect-form\/#webpage","url":"https:\/\/wpml.uat.sos-dev.org\/es\/connect-form\/","name":"Connect Form | Science of Spirituality","isPartOf":{"@id":"https:\/\/wpml.uat.sos-dev.org\/#website"},"datePublished":"2019-11-16T15:48:26+00:00","dateModified":"2020-06-28T21:05:35+00:00","breadcrumb":{"@id":"https:\/\/wpml.uat.sos-dev.org\/es\/connect-form\/#breadcrumb"},"inLanguage":"es","potentialAction":[{"@type":"ReadAction","target":["https:\/\/wpml.uat.sos-dev.org\/es\/connect-form\/"]}]},{"@type":"BreadcrumbList","@id":"https:\/\/wpml.uat.sos-dev.org\/es\/connect-form\/#breadcrumb","itemListElement":[{"@type":"ListItem","position":1,"name":"Home","item":"https:\/\/wpml.uat.sos-dev.org\/es\/"},{"@type":"ListItem","position":2,"name":"Connect Form"}]}]}},"_links":{"self":[{"href":"https:\/\/wpml.uat.sos-dev.org\/es\/wp-json\/wp\/v2\/pages\/22979"}],"collection":[{"href":"https:\/\/wpml.uat.sos-dev.org\/es\/wp-json\/wp\/v2\/pages"}],"about":[{"href":"https:\/\/wpml.uat.sos-dev.org\/es\/wp-json\/wp\/v2\/types\/page"}],"author":[{"embeddable":true,"href":"https:\/\/wpml.uat.sos-dev.org\/es\/wp-json\/wp\/v2\/users\/3"}],"replies":[{"embeddable":true,"href":"https:\/\/wpml.uat.sos-dev.org\/es\/wp-json\/wp\/v2\/comments?post=22979"}],"version-history":[{"count":4,"href":"https:\/\/wpml.uat.sos-dev.org\/es\/wp-json\/wp\/v2\/pages\/22979\/revisions"}],"predecessor-version":[{"id":36965,"href":"https:\/\/wpml.uat.sos-dev.org\/es\/wp-json\/wp\/v2\/pages\/22979\/revisions\/36965"}],"wp:attachment":[{"href":"https:\/\/wpml.uat.sos-dev.org\/es\/wp-json\/wp\/v2\/media?parent=22979"}],"curies":[{"name":"wp","href":"https:\/\/api.w.org\/{rel}","templated":true}]}}